{"id":10329,"date":"2026-01-22T03:31:20","date_gmt":"2026-01-22T06:31:20","guid":{"rendered":"https:\/\/cmmacuco.rj.gov.br\/cmm\/?page_id=10329"},"modified":"2026-03-31T14:50:20","modified_gmt":"2026-03-31T17:50:20","slug":"sessoes-2026","status":"publish","type":"page","link":"https:\/\/cmmacuco.rj.gov.br\/cmm\/sessoes\/sessoes-2026\/","title":{"rendered":"Sess\u00f5es 2026"},"content":{"rendered":"<h2>Sess\u00e3o Ordin\u00e1ria 30-03-2026<\/h2>\n<p><a href=\"https:\/\/www.cmmacuco.rj.gov.br\/docs\/sessoes\/2026\/003-Marco\/30\/Pauta%2030-03-26.pdf\" target=\"_blank\" rel=\"noopener noreferrer\">Pauta da Sess\u00e3o<\/a><br \/>\n<a href=\"https:\/\/www.cmmacuco.rj.gov.br\/docs\/sessoes\/2026\/003-Marco\/30\/AUDIO%2030.03.26.mp3\" target=\"_blank\" rel=\"noopener noreferrer\">\u00c1udio da Sess\u00e3o<\/a><br \/>\n<a href=\"https:\/\/www.cmmacuco.rj.gov.br\/docs\/sessoes\/2026\/003-Marco\/30\/Ata%2030-03-26.pdf\" target=\"_blank\" rel=\"noopener noreferrer\">Ata da Sess\u00e3o<\/a><\/p>\n<p>&#8212;&#8212;&#8212;&#8212;&#8212;&#8212;&#8212;&#8212;&#8212;&#8212;&#8212;&#8212;&#8212;&#8212;&#8212;&#8212;&#8212;&#8212;&#8212;&#8212;&#8212;&#8212;&#8212;&#8212;&#8212;&#8212;&#8212;&#8212;&#8212;&#8212;&#8212;&#8212;&#8212;&#8212;<\/p>\n<h2>Sess\u00e3o Ordin\u00e1ria 23-03-2026<\/h2>\n<p><a href=\"https:\/\/www.cmmacuco.rj.gov.br\/docs\/sessoes\/2026\/003-Marco\/23\/Pauta%2023-03-26.pdf\" target=\"_blank\" rel=\"noopener noreferrer\">Pauta da Sess\u00e3o<\/a><br \/>\n<a href=\"https:\/\/www.cmmacuco.rj.gov.br\/docs\/sessoes\/2026\/003-Marco\/23\/AUDIO%2023.03.26.mp3\" target=\"_blank\" rel=\"noopener noreferrer\">\u00c1udio da Sess\u00e3o<\/a><br \/>\n<a href=\"https:\/\/www.cmmacuco.rj.gov.br\/docs\/sessoes\/2026\/003-Marco\/23\/Ata%2023-03-26.pdf\" target=\"_blank\" rel=\"noopener noreferrer\">Ata da Sess\u00e3o<\/a><\/p>\n<p>&#8212;&#8212;&#8212;&#8212;&#8212;&#8212;&#8212;&#8212;&#8212;&#8212;&#8212;&#8212;&#8212;&#8212;&#8212;&#8212;&#8212;&#8212;&#8212;&#8212;&#8212;&#8212;&#8212;&#8212;&#8212;&#8212;&#8212;&#8212;&#8212;&#8212;&#8212;&#8212;&#8212;&#8212;<\/p>\n<h2>Sess\u00e3o Ordin\u00e1ria 16-03-2026<\/h2>\n<p><a href=\"https:\/\/www.cmmacuco.rj.gov.br\/docs\/sessoes\/2026\/003-Marco\/16\/Pauta%2016-03-26.pdf\" target=\"_blank\" rel=\"noopener noreferrer\">Pauta da Sess\u00e3o<\/a><br \/>\n<a href=\"https:\/\/www.cmmacuco.rj.gov.br\/docs\/sessoes\/2026\/003-Marco\/16\/AUDIO%2016.03.26.mp3\" target=\"_blank\" rel=\"noopener noreferrer\">\u00c1udio da Sess\u00e3o<\/a><br \/>\n<a href=\"https:\/\/www.cmmacuco.rj.gov.br\/docs\/sessoes\/2026\/003-Marco\/16\/Ata%2016-03-26.pdf\" target=\"_blank\" rel=\"noopener noreferrer\">Ata da Sess\u00e3o<\/a><\/p>\n<p>&#8212;&#8212;&#8212;&#8212;&#8212;&#8212;&#8212;&#8212;&#8212;&#8212;&#8212;&#8212;&#8212;&#8212;&#8212;&#8212;&#8212;&#8212;&#8212;&#8212;&#8212;&#8212;&#8212;&#8212;&#8212;&#8212;&#8212;&#8212;&#8212;&#8212;&#8212;&#8212;&#8212;&#8212;<\/p>\n<h2>Sess\u00e3o Ordin\u00e1ria 09-03-2026<\/h2>\n<p><a href=\"https:\/\/www.cmmacuco.rj.gov.br\/docs\/sessoes\/2026\/003-Marco\/09\/Pauta%2009-03-26.pdf\" target=\"_blank\" rel=\"noopener noreferrer\">Pauta da Sess\u00e3o<\/a><br \/>\n<a href=\"https:\/\/www.cmmacuco.rj.gov.br\/docs\/sessoes\/2026\/003-Marco\/09\/AUDIO%2009.03.26.mp3\" target=\"_blank\" rel=\"noopener noreferrer\">\u00c1udio da Sess\u00e3o<\/a><br \/>\n<a href=\"https:\/\/www.cmmacuco.rj.gov.br\/docs\/sessoes\/2026\/003-Marco\/09\/Ata%2009-03-26.pdf\" target=\"_blank\" rel=\"noopener noreferrer\">Ata da Sess\u00e3o<\/a><\/p>\n<p>&#8212;&#8212;&#8212;&#8212;&#8212;&#8212;&#8212;&#8212;&#8212;&#8212;&#8212;&#8212;&#8212;&#8212;&#8212;&#8212;&#8212;&#8212;&#8212;&#8212;&#8212;&#8212;&#8212;&#8212;&#8212;&#8212;&#8212;&#8212;&#8212;&#8212;&#8212;&#8212;&#8212;&#8212;<\/p>\n<h2>Sess\u00e3o Ordin\u00e1ria 23-02-2026<\/h2>\n<p><a href=\"https:\/\/www.cmmacuco.rj.gov.br\/docs\/sessoes\/2026\/002-Fevereiro\/23\/Pauta%2023-02-26.pdf\" target=\"_blank\" rel=\"noopener noreferrer\">Pauta da Sess\u00e3o<\/a><br \/>\n<a href=\"https:\/\/www.cmmacuco.rj.gov.br\/docs\/sessoes\/2026\/002-Fevereiro\/23\/AUDIO%2023.02.26.mp3\" target=\"_blank\" rel=\"noopener noreferrer\">\u00c1udio da Sess\u00e3o<\/a><br \/>\n<a href=\"https:\/\/www.cmmacuco.rj.gov.br\/docs\/sessoes\/2026\/002-Fevereiro\/23\/Ata%2023-02-26.pdf\" target=\"_blank\" rel=\"noopener noreferrer\">Ata da Sess\u00e3o<\/a><\/p>\n<p>&#8212;&#8212;&#8212;&#8212;&#8212;&#8212;&#8212;&#8212;&#8212;&#8212;&#8212;&#8212;&#8212;&#8212;&#8212;&#8212;&#8212;&#8212;&#8212;&#8212;&#8212;&#8212;&#8212;&#8212;&#8212;&#8212;&#8212;&#8212;&#8212;&#8212;&#8212;&#8212;&#8212;&#8212;<\/p>\n<h2>Sess\u00e3o Ordin\u00e1ria 09-02-2026<\/h2>\n<p><a href=\"https:\/\/www.cmmacuco.rj.gov.br\/docs\/sessoes\/2026\/002-Fevereiro\/09\/Pauta%2009-02-26.pdf\" target=\"_blank\" rel=\"noopener noreferrer\">Pauta da Sess\u00e3o<\/a><br \/>\n<a href=\"https:\/\/www.cmmacuco.rj.gov.br\/docs\/sessoes\/2026\/002-Fevereiro\/09\/AUDIO%2009.02.26.mp3\" target=\"_blank\" rel=\"noopener noreferrer\">\u00c1udio da Sess\u00e3o<\/a><br \/>\n<a href=\"https:\/\/www.cmmacuco.rj.gov.br\/docs\/sessoes\/2026\/002-Fevereiro\/09\/Ata%2009-02-26.pdf\" target=\"_blank\" rel=\"noopener noreferrer\">Ata da Sess\u00e3o<\/a><\/p>\n<p>&#8212;&#8212;&#8212;&#8212;&#8212;&#8212;&#8212;&#8212;&#8212;&#8212;&#8212;&#8212;&#8212;&#8212;&#8212;&#8212;&#8212;&#8212;&#8212;&#8212;&#8212;&#8212;&#8212;&#8212;&#8212;&#8212;&#8212;&#8212;&#8212;&#8212;&#8212;&#8212;&#8212;&#8212;<\/p>\n<h2>Sess\u00e3o Ordin\u00e1ria 02-02-2026<\/h2>\n<p><a href=\"https:\/\/www.cmmacuco.rj.gov.br\/docs\/sessoes\/2026\/002-Fevereiro\/02\/Pauta%2002-02-26.pdf\" target=\"_blank\" rel=\"noopener noreferrer\">Pauta da Sess\u00e3o<\/a><br \/>\n<a href=\"https:\/\/www.cmmacuco.rj.gov.br\/docs\/sessoes\/2026\/002-Fevereiro\/02\/AUDIO%2002.02.26.mp3\" target=\"_blank\" rel=\"noopener noreferrer\">\u00c1udio da Sess\u00e3o<\/a><br \/>\n<a href=\"https:\/\/www.cmmacuco.rj.gov.br\/docs\/sessoes\/2026\/002-Fevereiro\/02\/Ata%2002-02-26.pdf\" target=\"_blank\" rel=\"noopener noreferrer\">Ata da Sess\u00e3o<\/a><\/p>\n<p>&#8212;&#8212;&#8212;&#8212;&#8212;&#8212;&#8212;&#8212;&#8212;&#8212;&#8212;&#8212;&#8212;&#8212;&#8212;&#8212;&#8212;&#8212;&#8212;&#8212;&#8212;&#8212;&#8212;&#8212;&#8212;&#8212;&#8212;&#8212;&#8212;&#8212;&#8212;&#8212;&#8212;&#8212;<\/p>\n<h2>Sess\u00e3o Extraordin\u00e1ria 14-01-2026<\/h2>\n<p><a href=\"https:\/\/www.cmmacuco.rj.gov.br\/docs\/sessoes\/2026\/001-Janeiro\/14\/Pauta%2014-01-26.pdf\" target=\"_blank\" rel=\"noopener noreferrer\">Pauta da Sess\u00e3o<\/a><br \/>\n<a href=\"https:\/\/www.cmmacuco.rj.gov.br\/docs\/sessoes\/2026\/001-Janeiro\/14\/AUDIO%2014.01.26.mp3\" target=\"_blank\" rel=\"noopener noreferrer\">\u00c1udio da Sess\u00e3o<\/a><br \/>\n<a href=\"https:\/\/www.cmmacuco.rj.gov.br\/docs\/sessoes\/2026\/001-Janeiro\/14\/Ata%2014-01-26.pdf\" target=\"_blank\" rel=\"noopener noreferrer\">Ata da Sess\u00e3o<\/a><\/p>\n<p>&#8212;&#8212;&#8212;&#8212;&#8212;&#8212;&#8212;&#8212;&#8212;&#8212;&#8212;&#8212;&#8212;&#8212;&#8212;&#8212;&#8212;&#8212;&#8212;&#8212;&#8212;&#8212;&#8212;&#8212;&#8212;&#8212;&#8212;&#8212;&#8212;&#8212;&#8212;&#8212;&#8212;&#8212;<\/p>\n","protected":false},"excerpt":{"rendered":"<p>Sess\u00e3o Ordin\u00e1ria 30-03-2026 Pauta da Sess\u00e3o \u00c1udio da Sess\u00e3o Ata da Sess\u00e3o &#8212;&#8212;&#8212;&#8212;&#8212;&#8212;&#8212;&#8212;&#8212;&#8212;&#8212;&#8212;&#8212;&#8212;&#8212;&#8212;&#8212;&#8212;&#8212;&#8212;&#8212;&#8212;&#8212;&#8212;&#8212;&#8212;&#8212;&#8212;&#8212;&#8212;&#8212;&#8212;&#8212;&#8212; Sess\u00e3o Ordin\u00e1ria 23-03-2026 Pauta da Sess\u00e3o \u00c1udio da Sess\u00e3o Ata da Sess\u00e3o &#8212;&#8212;&#8212;&#8212;&#8212;&#8212;&#8212;&#8212;&#8212;&#8212;&#8212;&#8212;&#8212;&#8212;&#8212;&#8212;&#8212;&#8212;&#8212;&#8212;&#8212;&#8212;&#8212;&#8212;&#8212;&#8212;&#8212;&#8212;&#8212;&#8212;&#8212;&#8212;&#8212;&#8212; Sess\u00e3o Ordin\u00e1ria 16-03-2026 Pauta da Sess\u00e3o \u00c1udio da Sess\u00e3o Ata da Sess\u00e3o &#8212;&#8212;&#8212;&#8212;&#8212;&#8212;&#8212;&#8212;&#8212;&#8212;&#8212;&#8212;&#8212;&#8212;&#8212;&#8212;&#8212;&#8212;&#8212;&#8212;&#8212;&#8212;&#8212;&#8212;&#8212;&#8212;&#8212;&#8212;&#8212;&#8212;&#8212;&#8212;&#8212;&#8212; Sess\u00e3o Ordin\u00e1ria 09-03-2026 Pauta da Sess\u00e3o \u00c1udio da Sess\u00e3o Ata da Sess\u00e3o &#8212;&#8212;&#8212;&#8212;&#8212;&#8212;&#8212;&#8212;&#8212;&#8212;&#8212;&#8212;&#8212;&#8212;&#8212;&#8212;&#8212;&#8212;&#8212;&#8212;&#8212;&#8212;&#8212;&#8212;&#8212;&#8212;&#8212;&#8212;&#8212;&#8212;&#8212;&#8212;&#8212;&#8212; Sess\u00e3o Ordin\u00e1ria 23-02-2026 [&hellip;]<\/p>\n","protected":false},"author":1,"featured_media":0,"parent":87,"menu_order":8,"comment_status":"closed","ping_status":"closed","template":"","meta":{"footnotes":""},"class_list":["post-10329","page","type-page","status-publish","hentry"],"_links":{"self":[{"href":"https:\/\/cmmacuco.rj.gov.br\/cmm\/wp-json\/wp\/v2\/pages\/10329","targetHints":{"allow":["GET"]}}],"collection":[{"href":"https:\/\/cmmacuco.rj.gov.br\/cmm\/wp-json\/wp\/v2\/pages"}],"about":[{"href":"https:\/\/cmmacuco.rj.gov.br\/cmm\/wp-json\/wp\/v2\/types\/page"}],"author":[{"embeddable":true,"href":"https:\/\/cmmacuco.rj.gov.br\/cmm\/wp-json\/wp\/v2\/users\/1"}],"replies":[{"embeddable":true,"href":"https:\/\/cmmacuco.rj.gov.br\/cmm\/wp-json\/wp\/v2\/comments?post=10329"}],"version-history":[{"count":14,"href":"https:\/\/cmmacuco.rj.gov.br\/cmm\/wp-json\/wp\/v2\/pages\/10329\/revisions"}],"predecessor-version":[{"id":10374,"href":"https:\/\/cmmacuco.rj.gov.br\/cmm\/wp-json\/wp\/v2\/pages\/10329\/revisions\/10374"}],"up":[{"embeddable":true,"href":"https:\/\/cmmacuco.rj.gov.br\/cmm\/wp-json\/wp\/v2\/pages\/87"}],"wp:attachment":[{"href":"https:\/\/cmmacuco.rj.gov.br\/cmm\/wp-json\/wp\/v2\/media?parent=10329"}],"curies":[{"name":"wp","href":"https:\/\/api.w.org\/{rel}","templated":true}]}}