{"id":121,"date":"2024-09-02T16:27:24","date_gmt":"2024-09-02T19:27:24","guid":{"rendered":"https:\/\/cmmacuco.rj.gov.br\/cmm\/?page_id=121"},"modified":"2026-03-18T15:40:06","modified_gmt":"2026-03-18T18:40:06","slug":"portal-da-transparencia","status":"publish","type":"page","link":"https:\/\/cmmacuco.rj.gov.br\/cmm\/portal-da-transparencia\/","title":{"rendered":"Portal da Transpar\u00eancia"},"content":{"rendered":"\n<div class=\"wp-block-group is-vertical is-content-justification-center is-layout-flex wp-container-core-group-is-layout-829f9e33 wp-block-group-is-layout-flex\">\n<div class=\"wp-block-group is-horizontal is-content-justification-center is-layout-flex wp-container-core-group-is-layout-a85bcc9b wp-block-group-is-layout-flex\" style=\"font-size:22px\">\n<center><figure><a href=\"https:\/\/www.cmmacuco.rj.gov.br\/cmm\/legislacao\/\"><img loading=\"lazy\" decoding=\"async\" src=\"https:\/\/www.cmmacuco.rj.gov.br\/img\/Icon_portal_transparencia\/Legislacao.png\" alt=\"Legisla\u00e7\u00e3o Leis Resolu\u00e7\u00e3o Indica\u00e7\u00e3o\" width=\"140\" height=\"140\" \/><\/a>\n<figcaption>Legisla\u00e7\u00e3o<\/figcaption>\n<\/figure><\/center>\n\n\n\n<center><figure><a href=\"https:\/\/www.cmmacuco.rj.gov.br\/cmm\/licitacoes-e-contratos\/\"><img loading=\"lazy\" decoding=\"async\" src=\"https:\/\/www.cmmacuco.rj.gov.br\/img\/Icon_portal_transparencia\/Licitacoes e Contratos.png\" alt=\"Licita\u00e7\u00f5es e Contratos\" width=\"140\" height=\"140\" \/><\/a>\n<figcaption>Licita\u00e7\u00f5es e Contratos<\/figcaption>\n<\/figure><\/center>\n\n\n\n<center><figure><a href=\"https:\/\/www.cmmacuco.rj.gov.br\/cmm\/portal-da-transparencia\/mapa-do-site\/\"><img loading=\"lazy\" decoding=\"async\" src=\"https:\/\/www.cmmacuco.rj.gov.br\/img\/Icon_portal_transparencia\/Mapa%20do%20Site.png\" alt=\"Mapa do site\" width=\"140\" height=\"140\" \/><\/a>\n<figcaption>Mapa do site<\/figcaption>\n<\/figure><\/center>\n\n\n\n<center><figure><a href=\"https:\/\/www.cmmacuco.rj.gov.br\/cmm\/orcamento-e-financa\/\"><img loading=\"lazy\" decoding=\"async\" src=\"https:\/\/www.cmmacuco.rj.gov.br\/img\/Icon_portal_transparencia\/orcamento e financas.png\" alt=\"Or\u00e7amento e Finan\u00e7a\" width=\"140\" height=\"140\" \/><\/a>\n<figcaption>Or\u00e7amento e Finan\u00e7a<\/figcaption>\n<\/figure><\/center>\n\n\n\n<center><figure><a href=\"https:\/\/www.cmmacuco.rj.gov.br\/cmm\/recursos-humanos\/\"><img loading=\"lazy\" decoding=\"async\" src=\"https:\/\/www.cmmacuco.rj.gov.br\/img\/Icon_portal_transparencia\/Recursos%20Humanos.png\" alt=\"Recursos Humanos\" width=\"140\" height=\"140\" \/><\/a>\n<figcaption>Recursos Humanos<\/figcaption>\n<\/figure><\/center>\n\n\n\n<center><figure><a href=\"https:\/\/www.cmmacuco.rj.gov.br\/cmm\/portal-da-transparencia\/orcamentos\/\"><img loading=\"lazy\" decoding=\"async\" src=\"https:\/\/www.cmmacuco.rj.gov.br\/img\/Icon_portal_transparencia\/orcamento.png\" alt=\"Or\u00e7amento\" width=\"140\" height=\"140\" \/><\/a>\n<figcaption>Or\u00e7amento<\/figcaption>\n<\/figure><\/center>\n\n\n\n<center><figure><a href=\"https:\/\/cmmacuco.rj.gov.br\/cmm\/portal-da-transparencia\/prestacao-de-conta\/\"><img loading=\"lazy\" decoding=\"async\" src=\"https:\/\/www.cmmacuco.rj.gov.br\/img\/Icon_portal_transparencia\/Prestacao de Contas.png\" alt=\"Presta\u00e7\u00e3o de Contas\" width=\"140\" height=\"140\" \/><\/a>\n<figcaption>Presta\u00e7\u00e3o de Contas<\/figcaption>\n<\/figure><\/center>\n\n\n\n<center><figure><a href=\"https:\/\/cmmacuco.rj.gov.br\/cmm\/diario\/\"><img loading=\"lazy\" decoding=\"async\" src=\"https:\/\/www.cmmacuco.rj.gov.br\/docs\/imagens-site\/publicacoes.png\" alt=\"publicacoes\" width=\"140\" height=\"140\" \/><\/a>\n<figcaption>Publica\u00e7\u00f5es<\/figcaption>\n<\/figure><\/center>\n\n\n\n<center><figure><a href=\"https:\/\/www.cmmacuco.rj.gov.br\/cmm\/transparencia\/\"><img loading=\"lazy\" decoding=\"async\" src=\"https:\/\/www.cmmacuco.rj.gov.br\/img\/Icon_portal_transparencia\/Perguntas%20Frequentes.png\" alt=\"Perguntas Frequentes\" width=\"140\" height=\"140\" \/><\/a>\n<figcaption>Lei de Acesso \u00e0 Informa\u00e7\u00e3o<\/figcaption>\n<\/figure><\/center>\n\n\n\n<center><figure><a href=\"https:\/\/www.cmmacuco.rj.gov.br\/cmm\/pesquisa\/\"><img loading=\"lazy\" decoding=\"async\" src=\"https:\/\/www.cmmacuco.rj.gov.br\/docs\/imagens-site\/lupa.png\" alt=\"pesquisa\" width=\"140\" height=\"140\" \/><\/a>\n<figcaption>Pesquisa<\/figcaption>\n<\/figure><\/center>\n\n\n\n<center><figure><a href=\"https:\/\/www.cmmacuco.rj.gov.br\/cmm\/ouvidoria\/\"><img loading=\"lazy\" decoding=\"async\" src=\"https:\/\/www.cmmacuco.rj.gov.br\/docs\/imagens-site\/correio.png\" alt=\"Fale Conosco\" width=\"140\" height=\"140\" \/><\/a>\n<figcaption>Ouvidoria<\/figcaption>\n<\/figure><\/center>\n\n\n\n<center><figure><a href=\"https:\/\/www.cmmacuco.rj.gov.br\/cmm\/portal-da-transparencia\/lei-geral-de-protecao-de-dados\/\"><img loading=\"lazy\" decoding=\"async\" src=\"https:\/\/www.cmmacuco.rj.gov.br\/docs\/imagens-site\/LGPD.png\" alt=\"LDPD\" width=\"140\" height=\"140\" \/><\/a>\n<figcaption>Lei Geral de <br \/>Prote\u00e7\u00e3o de Dados<\/figcaption>\n<\/figure><\/center>\n\n\n\n<center><figure><a href=\"https:\/\/cmmacuco.rj.gov.br\/cmm\/portal-da-transparencia\/sic\/\"><img loading=\"lazy\" decoding=\"async\" src=\"https:\/\/www.cmmacuco.rj.gov.br\/docs\/imagens-site\/esic.png\" alt=\"Fale Conosco\" width=\"140\" height=\"140\" \/><\/a>\n<figcaption>SIC\/e-SIC<\/figcaption>\n<\/figure><\/center>\n\n\n\n<center><figure><a href=\"https:\/\/www.cmmacuco.rj.gov.br\/cmm\/obras\/\"><img loading=\"lazy\" decoding=\"async\" src=\"https:\/\/www.cmmacuco.rj.gov.br\/docs\/imagens-site\/obras.png\" alt=\"obras\" width=\"140\" height=\"140\" \/><\/a>\n<figcaption>Obras<\/figcaption>\n<\/figure><\/center>\n\n\n\n<center><figure><a href=\"https:\/\/csiga.governancabrasil.com.br\/loginUsuario.php\"><img loading=\"lazy\" decoding=\"async\" src=\"https:\/\/www.cmmacuco.rj.gov.br\/docs\/imagens-site\/admin.webp\" alt=\"GOVBR\" width=\"140\" height=\"140\" \/><\/a>\n<figcaption>Administra\u00e7\u00e3o<\/figcaption>\n<\/figure><\/center>\n\n\n\n<center><figure><a href=\"https:\/\/webapp1-macuco.cidade360.cloud\/portalservidorcm#\/\"><img loading=\"lazy\" decoding=\"async\" src=\"https:\/\/www.cmmacuco.rj.gov.br\/docs\/imagens-site\/contracheque.png\" alt=\"obras\" width=\"140\" height=\"140\" \/><\/a>\n<figcaption>Contracheque<br \/>online<\/figcaption>\n<\/figure><\/center>\n<\/div>\n<\/div>\n","protected":false},"excerpt":{"rendered":"<p>Legisla\u00e7\u00e3o Licita\u00e7\u00f5es e Contratos Mapa do site Or\u00e7amento e Finan\u00e7a Recursos Humanos Or\u00e7amento Presta\u00e7\u00e3o de Contas Publica\u00e7\u00f5es Lei de Acesso \u00e0 Informa\u00e7\u00e3o Pesquisa Ouvidoria Lei Geral de Prote\u00e7\u00e3o de Dados SIC\/e-SIC Obras Administra\u00e7\u00e3o Contrachequeonline<\/p>\n","protected":false},"author":1,"featured_media":0,"parent":0,"menu_order":6,"comment_status":"closed","ping_status":"closed","template":"page-templates\/not-boxed.php","meta":{"footnotes":""},"class_list":["post-121","page","type-page","status-publish","hentry"],"_links":{"self":[{"href":"https:\/\/cmmacuco.rj.gov.br\/cmm\/wp-json\/wp\/v2\/pages\/121","targetHints":{"allow":["GET"]}}],"collection":[{"href":"https:\/\/cmmacuco.rj.gov.br\/cmm\/wp-json\/wp\/v2\/pages"}],"about":[{"href":"https:\/\/cmmacuco.rj.gov.br\/cmm\/wp-json\/wp\/v2\/types\/page"}],"author":[{"embeddable":true,"href":"https:\/\/cmmacuco.rj.gov.br\/cmm\/wp-json\/wp\/v2\/users\/1"}],"replies":[{"embeddable":true,"href":"https:\/\/cmmacuco.rj.gov.br\/cmm\/wp-json\/wp\/v2\/comments?post=121"}],"version-history":[{"count":51,"href":"https:\/\/cmmacuco.rj.gov.br\/cmm\/wp-json\/wp\/v2\/pages\/121\/revisions"}],"predecessor-version":[{"id":10371,"href":"https:\/\/cmmacuco.rj.gov.br\/cmm\/wp-json\/wp\/v2\/pages\/121\/revisions\/10371"}],"wp:attachment":[{"href":"https:\/\/cmmacuco.rj.gov.br\/cmm\/wp-json\/wp\/v2\/media?parent=121"}],"curies":[{"name":"wp","href":"https:\/\/api.w.org\/{rel}","templated":true}]}}