{"id":127,"date":"2024-09-02T16:30:20","date_gmt":"2024-09-02T19:30:20","guid":{"rendered":"https:\/\/cmmacuco.rj.gov.br\/cmm\/?page_id=127"},"modified":"2024-09-02T17:05:17","modified_gmt":"2024-09-02T20:05:17","slug":"mp","status":"publish","type":"page","link":"https:\/\/cmmacuco.rj.gov.br\/cmm\/portal-da-transparencia\/mp\/","title":{"rendered":"MP"},"content":{"rendered":"<h4><a href=\"https:\/\/Www.Cmmacuco.Rj.Gov.Br\/docs\/Recomendacoes\/Recomendacao MPRJ.pdf\" target=\"_blank\" rel=\"noopener noreferrer\">Recomenda\u00e7\u00e3o Minist\u00e9rio Publico do Rio de Janeiro &#8211; 001 <\/a><\/h4>\n","protected":false},"excerpt":{"rendered":"<p>Recomenda\u00e7\u00e3o Minist\u00e9rio Publico do Rio de Janeiro &#8211; 001<\/p>\n","protected":false},"author":1,"featured_media":0,"parent":121,"menu_order":0,"comment_status":"closed","ping_status":"closed","template":"","meta":{"footnotes":""},"class_list":["post-127","page","type-page","status-publish","hentry"],"_links":{"self":[{"href":"https:\/\/cmmacuco.rj.gov.br\/cmm\/wp-json\/wp\/v2\/pages\/127","targetHints":{"allow":["GET"]}}],"collection":[{"href":"https:\/\/cmmacuco.rj.gov.br\/cmm\/wp-json\/wp\/v2\/pages"}],"about":[{"href":"https:\/\/cmmacuco.rj.gov.br\/cmm\/wp-json\/wp\/v2\/types\/page"}],"author":[{"embeddable":true,"href":"https:\/\/cmmacuco.rj.gov.br\/cmm\/wp-json\/wp\/v2\/users\/1"}],"replies":[{"embeddable":true,"href":"https:\/\/cmmacuco.rj.gov.br\/cmm\/wp-json\/wp\/v2\/comments?post=127"}],"version-history":[{"count":2,"href":"https:\/\/cmmacuco.rj.gov.br\/cmm\/wp-json\/wp\/v2\/pages\/127\/revisions"}],"predecessor-version":[{"id":129,"href":"https:\/\/cmmacuco.rj.gov.br\/cmm\/wp-json\/wp\/v2\/pages\/127\/revisions\/129"}],"up":[{"embeddable":true,"href":"https:\/\/cmmacuco.rj.gov.br\/cmm\/wp-json\/wp\/v2\/pages\/121"}],"wp:attachment":[{"href":"https:\/\/cmmacuco.rj.gov.br\/cmm\/wp-json\/wp\/v2\/media?parent=127"}],"curies":[{"name":"wp","href":"https:\/\/api.w.org\/{rel}","templated":true}]}}