{"id":136,"date":"2024-09-02T16:32:22","date_gmt":"2024-09-02T19:32:22","guid":{"rendered":"https:\/\/cmmacuco.rj.gov.br\/cmm\/?page_id=136"},"modified":"2024-10-21T17:53:16","modified_gmt":"2024-10-21T20:53:16","slug":"ouvidoria","status":"publish","type":"page","link":"https:\/\/cmmacuco.rj.gov.br\/cmm\/portal-da-transparencia\/ouvidoria\/","title":{"rendered":"Ouvidoria"},"content":{"rendered":"\n<h1><center>Hor\u00e1rio de Funcionamento<\/center><\/h1>\n<p><\/p>\n<h3><center> Segunda \u00e0 sexta-Feira: 09h \u00e0s 17h<\/center><\/h3>\n<p><\/p>\n\n\n\n<style id=\"wpforms-css-vars-10081\">\n\t\t\t\t#wpforms-10081 {\n\t\t\t\t\n\t\t\t}\n\t\t\t<\/style><div class=\"wpforms-container wpforms-container-full wpforms-render-modern\" id=\"wpforms-10081\"><form id=\"wpforms-form-10081\" class=\"wpforms-validate wpforms-form wpforms-ajax-form\" data-formid=\"10081\" method=\"post\" enctype=\"multipart\/form-data\" action=\"\/cmm\/wp-json\/wp\/v2\/pages\/136\" data-token=\"b69e1fc8f247ddc29d5f3d3b2ca14ed2\" data-token-time=\"1775709012\"><noscript class=\"wpforms-error-noscript\">Please enable JavaScript in your browser to complete this form.<\/noscript><div id=\"wpforms-error-noscript\" style=\"display: none;\">Please enable JavaScript in your browser to complete this form.<\/div><div class=\"wpforms-field-container\"><div id=\"wpforms-10081-field_1-container\" class=\"wpforms-field wpforms-field-name\" data-field-id=\"1\"><label class=\"wpforms-field-label\" for=\"wpforms-10081-field_1\">Nome (obrigat\u00f3rio) <span class=\"wpforms-required-label\" aria-hidden=\"true\">*<\/span><\/label><input type=\"text\" id=\"wpforms-10081-field_1\" class=\"wpforms-field-medium wpforms-field-required\" name=\"wpforms[fields][1]\" aria-errormessage=\"wpforms-10081-field_1-error\" required><\/div><div id=\"wpforms-10081-field_9-container\" class=\"wpforms-field wpforms-field-text\" data-field-id=\"9\"><label class=\"wpforms-field-label\" for=\"wpforms-10081-field_9\">WhatsApp (opcional)<\/label><input type=\"text\" id=\"wpforms-10081-field_9\" class=\"wpforms-field-medium\" name=\"wpforms[fields][9]\" aria-errormessage=\"wpforms-10081-field_9-error\" ><\/div>\t\t<div id=\"wpforms-10081-field_2-container\"\n\t\t\tclass=\"wpforms-field wpforms-field-text\"\n\t\t\tdata-field-type=\"text\"\n\t\t\tdata-field-id=\"2\"\n\t\t\t>\n\t\t\t<label class=\"wpforms-field-label\" for=\"wpforms-10081-field_2\" >(obrigat\u00f3rio) sua Email<\/label>\n\t\t\t<input type=\"text\" id=\"wpforms-10081-field_2\" class=\"wpforms-field-medium\" name=\"wpforms[fields][2]\" >\n\t\t<\/div>\n\t\t<div id=\"wpforms-10081-field_8-container\" class=\"wpforms-field wpforms-field-email\" data-field-id=\"8\"><label class=\"wpforms-field-label\" for=\"wpforms-10081-field_8\">Email <span class=\"wpforms-required-label\" aria-hidden=\"true\">*<\/span><\/label><input type=\"email\" id=\"wpforms-10081-field_8\" class=\"wpforms-field-medium wpforms-field-required\" name=\"wpforms[fields][8]\" spellcheck=\"false\" aria-errormessage=\"wpforms-10081-field_8-error\" required><\/div><div id=\"wpforms-10081-field_6-container\" class=\"wpforms-field wpforms-field-select wpforms-field-select-style-classic\" data-field-id=\"6\"><label class=\"wpforms-field-label\" for=\"wpforms-10081-field_6\">Selecione uma op\u00e7\u00e3o (obrigat\u00f3rio) <span class=\"wpforms-required-label\" aria-hidden=\"true\">*<\/span><\/label><select id=\"wpforms-10081-field_6\" class=\"wpforms-field-medium wpforms-field-required\" name=\"wpforms[fields][6]\" required=\"required\"><option value=\"Fale Conosco\"  class=\"choice-6 depth-1\"  >Fale Conosco<\/option><option value=\"Informa\u00e7\u00f5es\"  class=\"choice-5 depth-1\"  >Informa\u00e7\u00f5es<\/option><option value=\"Sugest\u00e3o\"  class=\"choice-1 depth-1\"  >Sugest\u00e3o<\/option><option value=\"Den\u00fancia\"  class=\"choice-2 depth-1\"  >Den\u00fancia<\/option><option value=\"Pedido\"  class=\"choice-3 depth-1\"  >Pedido<\/option><option value=\"Elogios\"  class=\"choice-7 depth-1\"  >Elogios<\/option><\/select><\/div><div id=\"wpforms-10081-field_7-container\" class=\"wpforms-field wpforms-field-textarea\" data-field-id=\"7\"><label class=\"wpforms-field-label\" for=\"wpforms-10081-field_7\">A sua mensagem.<\/label><textarea id=\"wpforms-10081-field_7\" class=\"wpforms-field-medium\" name=\"wpforms[fields][7]\" aria-errormessage=\"wpforms-10081-field_7-error\" ><\/textarea><\/div><script>\n\t\t\t\t( function() {\n\t\t\t\t\tconst style = document.createElement( 'style' );\n\t\t\t\t\tstyle.appendChild( document.createTextNode( '#wpforms-10081-field_2-container { position: absolute !important; overflow: hidden !important; display: inline !important; height: 1px !important; width: 1px !important; z-index: -1000 !important; padding: 0 !important; } #wpforms-10081-field_2-container input { visibility: hidden; } #wpforms-conversational-form-page #wpforms-10081-field_2-container label { counter-increment: none; }' ) );\n\t\t\t\t\tdocument.head.appendChild( style );\n\t\t\t\t\tdocument.currentScript?.remove();\n\t\t\t\t} )();\n\t\t\t<\/script><\/div><!-- .wpforms-field-container --><div class=\"wpforms-submit-container\" ><input type=\"hidden\" name=\"wpforms[id]\" value=\"10081\"><input type=\"hidden\" name=\"page_title\" value=\"\"><input type=\"hidden\" name=\"page_url\" value=\"https:\/\/cmmacuco.rj.gov.br\/cmm\/wp-json\/wp\/v2\/pages\/136\"><input type=\"hidden\" name=\"url_referer\" value=\"\"><button type=\"submit\" name=\"wpforms[submit]\" id=\"wpforms-submit-10081\" class=\"wpforms-submit\" data-alt-text=\"Sending...\" data-submit-text=\"Enviar\" aria-live=\"assertive\" value=\"wpforms-submit\">Enviar<\/button><img loading=\"lazy\" decoding=\"async\" src=\"https:\/\/cmmacuco.rj.gov.br\/cmm\/wp-content\/plugins\/wpforms-lite\/assets\/images\/submit-spin.svg\" class=\"wpforms-submit-spinner\" style=\"display: none;\" width=\"26\" height=\"26\" alt=\"Loading\"><\/div><\/form><\/div>  <!-- .wpforms-container -->\n\n<h3>Respons\u00e1vel: Rodrigo Teixeira Araujo<\/h3>\n<h3>Telefone: (22) 2554-1161<\/h3>\n<h3>e-mail: ouvidoria@cmmacuco.rj.gov.br<\/h3>\n<h3>Travessa Mercedes Monteiro Machado N\u00ba 43 \u2013 Centro \u2013 Macuco \u2013 RJ CEP: 28545-000<\/h3>","protected":false},"excerpt":{"rendered":"<p>Hor\u00e1rio de Funcionamento Segunda \u00e0 sexta-Feira: 09h \u00e0s 17h Respons\u00e1vel: Rodrigo Teixeira Araujo Telefone: (22) 2554-1161 e-mail: ouvidoria@cmmacuco.rj.gov.br Travessa Mercedes Monteiro Machado N\u00ba 43 \u2013 Centro \u2013 Macuco \u2013 RJ CEP: 28545-000<\/p>\n","protected":false},"author":1,"featured_media":0,"parent":121,"menu_order":0,"comment_status":"closed","ping_status":"closed","template":"","meta":{"footnotes":""},"class_list":["post-136","page","type-page","status-publish","hentry"],"_links":{"self":[{"href":"https:\/\/cmmacuco.rj.gov.br\/cmm\/wp-json\/wp\/v2\/pages\/136","targetHints":{"allow":["GET"]}}],"collection":[{"href":"https:\/\/cmmacuco.rj.gov.br\/cmm\/wp-json\/wp\/v2\/pages"}],"about":[{"href":"https:\/\/cmmacuco.rj.gov.br\/cmm\/wp-json\/wp\/v2\/types\/page"}],"author":[{"embeddable":true,"href":"https:\/\/cmmacuco.rj.gov.br\/cmm\/wp-json\/wp\/v2\/users\/1"}],"replies":[{"embeddable":true,"href":"https:\/\/cmmacuco.rj.gov.br\/cmm\/wp-json\/wp\/v2\/comments?post=136"}],"version-history":[{"count":3,"href":"https:\/\/cmmacuco.rj.gov.br\/cmm\/wp-json\/wp\/v2\/pages\/136\/revisions"}],"predecessor-version":[{"id":10098,"href":"https:\/\/cmmacuco.rj.gov.br\/cmm\/wp-json\/wp\/v2\/pages\/136\/revisions\/10098"}],"up":[{"embeddable":true,"href":"https:\/\/cmmacuco.rj.gov.br\/cmm\/wp-json\/wp\/v2\/pages\/121"}],"wp:attachment":[{"href":"https:\/\/cmmacuco.rj.gov.br\/cmm\/wp-json\/wp\/v2\/media?parent=136"}],"curies":[{"name":"wp","href":"https:\/\/api.w.org\/{rel}","templated":true}]}}