{"id":146,"date":"2024-09-02T16:40:02","date_gmt":"2024-09-02T19:40:02","guid":{"rendered":"https:\/\/cmmacuco.rj.gov.br\/cmm\/?page_id=146"},"modified":"2024-09-09T15:40:42","modified_gmt":"2024-09-09T18:40:42","slug":"sic","status":"publish","type":"page","link":"https:\/\/cmmacuco.rj.gov.br\/cmm\/portal-da-transparencia\/sic\/","title":{"rendered":"SIC"},"content":{"rendered":"<style id=\"sp_tab_dynamic_style9895\">#sp-tabpro-wrapper_9895.sp-tab__lay-default .sp-tab__tab-content {width: 100%;}#sp-tabpro-wrapper_9895 .animated {-webkit-animation-duration: 500ms;animation-duration: 500ms;}#sp-wp-tabs-wrapper_9895 .sp-tab__nav { justify-content: flex-start; }#sp-wp-tabs-wrapper_9895.sp-tab__lay-default.sp-tab__horizontal-bottom {display: flex;flex-direction: column-reverse;}#sp-wp-tabs-wrapper_9895.sp-tab__lay-default.sp-tab__horizontal-bottom > ul {border-top: 1px solid #0a0a0a;border-bottom: 0;margin-top: 0;}#sp-wp-tabs-wrapper_9895.sp-tab__lay-default.sp-tab__horizontal-bottom > ul > li .sp-tab__nav-link.sp-tab__active {border-color: transparent #0a0a0a#0a0a0a;margin-top: -1px;}#sp-wp-tabs-wrapper_9895.sp-tab__lay-default.sp-tab__horizontal-bottom > ul > li .sp-tab__nav-link,#sp-wp-tabs-wrapper_9895.sp-tab__lay-default.sp-tab__horizontal-bottom > ul > li a,#sp-wp-tabs-wrapper_9895.sp-tab__lay-default.sp-tab__horizontal-bottom > ul > .sp-tab__nav-item {border-top: 0;border-top-left-radius: 0;border-top-right-radius: 0;border-bottom-left-radius: 2px;border-bottom-right-radius: 2px;}#sp-wp-tabs-wrapper_9895.sp-tab__lay-default.sp-tab__horizontal-bottom > ul {border-bottom: none;}#sp-wp-tabs-wrapper_9895.sp-tab__lay-default.sp-tab__horizontal-bottom .sp-tab__tab-content .sp-tab__tab-pane {border-top: 1px solid #cccccc;border-bottom: 0;}#sp-wp-tabs-wrapper_9895.sp-tab__lay-default .sp-tab__tab-content .sp-tab-content > ul,#sp-wp-tabs-wrapper_9895.sp-tab__lay-default .sp-tab__tab-content .sp-tab-content > ol {border-bottom: none;}#sp-wp-tabs-wrapper_9895 .sp-tab__nav-tabs .sp-tab__nav-item.show .sp-tab__nav-link,#sp-wp-tabs-wrapper_9895.sp-tab__lay-default ul li .sp-tab__nav-link.sp-tab__active {border-color: #0a0a0a#0a0a0a transparent;}#sp-wp-tabs-wrapper_9895 > .sp-tab__nav-tabs .sp-tab__nav-link.sp-tab__active .sp-tab__tab_title,#sp-wp-tabs-wrapper_9895.sp-tab__lay-default .sp-tab__nav-link > .sp-tab__card-header {color: #ffffff;}#sp-wp-tabs-wrapper_9895.sp-tab__lay-default > ul > li > .sp-tab__nav-link,#sp-wp-tabs-wrapper_9895.sp-tab__lay-default > ul > li > a {cursor: pointer;border-color: #0a0a0a;padding-top: 15px;padding-right: 15px;padding-bottom: 15px;padding-left: 15px;}#sp-wp-tabs-wrapper_9895 > .sp-tab__nav-tabs .sp-tab__nav-link {border: 1px solid #0a0a0a;height: 100%;}#sp-wp-tabs-wrapper_9895.sp-tab__lay-default > ul > li .sp-tab__nav-link,#sp-wp-tabs-wrapper_9895.sp-tab__lay-default > ul > li a,#sp-wp-tabs-wrapper_9895.sp-tab__lay-default > ul > .sp-tab__nav-item {border-top-left-radius: 2px;border-top-right-radius: 2px;}#sp-wp-tabs-wrapper_9895 .sp-tab__nav-tabs .sp-tab__nav-item {margin-bottom: -1px; }#sp-wp-tabs-wrapper_9895.sp-tab__lay-default > ul .sp-tab__nav-item {margin-right: 0px;}#sp-wp-tabs-wrapper_9895.sp-tab__lay-default.sp-tab__horizontal-bottom > ul .sp-tab__nav-item {margin-right: 0px;margin-top: 0;}#sp-wp-tabs-wrapper_9895.sp-tab__lay-default > ul .sp-tab__nav-item .sp-tab__nav-link:hover .sp-tab__tab_title,#sp-wp-tabs-wrapper_9895.sp-tab__lay-default > ul .sp-tab__nav-item a:hover .sp-tab__tab_title,#sp-wp-tabs-wrapper_9895.sp-tab__lay-default .sp-tab__nav-link.collapsed .sp-tab__card-header:hover {color: #ffffff;transition: .3s;}#sp-wp-tabs-wrapper_9895.sp-tab__lay-default > ul .sp-tab__nav-item,#sp-wp-tabs-wrapper_9895.sp-tab__lay-default .sp-tab__nav-link.collapsed > .sp-tab__card-header {background-color: #bfbfbf;transition: 0.3s;}#sp-wp-tabs-wrapper_9895 > .sp-tab__nav-tabs > .sp-tab__nav-item.show .sp-tab__nav-link,#sp-wp-tabs-wrapper_9895 > .sp-tab__nav-tabs > .sp-tab__nav-item .sp-tab__nav-link.sp-tab__active,#sp-wp-tabs-wrapper_9895.sp-tab__lay-default .sp-tab__nav-link > .sp-tab__card-header {background-color: #0a0a0a;}#sp-tabs-wrapper_9895.sp-tab__lay-default > ul .sp-tab__nav-item .sp-tab__nav-link:not(.sp-tab__active):hover,#sp-tabs-wrapper_9895.sp-tab__lay-default .sp-tab__tab-content > .sp-tab__tab-pane .sp-tab__card-header:hover {background-color: #0a0a0a;}#sp-wp-tabs-wrapper_9895.sp-tab__lay-default > ul .sp-tab__nav-item:not(.sp-tab__active):hover,#sp-wp-tabs-wrapper_9895.sp-tab__lay-default .sp-tab__nav-link.collapsed > .sp-tab__card-header:hover {background-color: #0a0a0a;}#sp-wp-tabs-wrapper_9895.sp-tab__lay-default > ul .sp-tab__nav-item:last-child {margin-right: 0;}#sp-wp-tabs-wrapper_9895.sp-tab__lay-default > .sp-tab__tab-content .sp-tab__tab-pane {border: 1px solid #cccccc;padding-top: 20px;padding-right: 20px;padding-bottom: 20px;padding-left: 20px;background-color: #ffffff;}#sp-wp-tabs-wrapper_9895.sp-tab__lay-default > ul {border-bottom: 1px solid #cccccc;}#sp-wp-tabs-wrapper_9895.sp-tab__lay-default > .sp-tab__tab-content .sp-tab__tab-pane {border-top: 0px;}@media(max-width:480px) {#sp-wp-tabs-wrapper_9895.sp-tab__lay-default > ul li.sp-tab__nav-item {width: 100%;margin-right: 0px;}#sp-wp-tabs-wrapper_9895.sp-tab__lay-default > ul li.sp-tab__nav-item:last-child {margin-bottom: -1px;}}#sp-wp-tabs-wrapper_9895.sp-tab__lay-default > ul .sp-tab__nav-item .sp-tab__tab_title,#sp-wp-tabs-wrapper_9895.sp-tab__lay-default span > .sp-tab__card-header {font-weight: 600;font-style: normal;font-size: 16px;line-height: 22px;letter-spacing: 0px;color: #0a0a0a;margin: 0px;}#sp-wp-tabs-wrapper_9895.sp-tab__lay-default > .sp-tab__tab-content .sp-tab__tab-pane,#sp-wp-tabs-wrapper_9895.sp-tab__lay-default > .sp-tab__tab-content .sp-tab__tab-pane p {font-weight: 400;font-style: normal;font-size: 16px;line-height: 24px;letter-spacing: 0px;color: #444;}#sp-wp-tabs-wrapper_9895.sp-tab__lay-default > .sp-tab__tab-content .sp-tab__tab-pane ul li a, #sp-wp-tabs-wrapper_9895.sp-tab__lay-default .sp-tab__tab-content .sp-tab__tab-pane ol li a {color: #444;}<\/style>\t\t<div id=\"sp-wp-tabs-wrapper_9895\" class=\"sp-tab__lay-default\" data-preloader=\"1\" data-activemode=\"tabs-activator-event-click\" data-anchor_linking=\"1\">\n\t\t\t<div class=\"sp-tab__preloader\">\n\t\t<div class=\"sp-tab__spinner\">\n\t\t\t<div class=\"rect1\"><\/div>\n\t\t\t<div class=\"rect2\"><\/div>\n\t\t\t<div class=\"rect3\"><\/div>\n\t\t\t<div class=\"rect4\"><\/div>\n\t\t\t<div class=\"rect5\"><\/div>\n\t\t<\/div>\n\t<\/div>\n\t<ul class=\"sp-tab__nav sp-tab__nav-tabs\" id=\"sp-tab__ul\" role=\"tablist\">\n\t\t\t\t<li class=\"sp-tab__nav-item\" role=\"presentation\">\n\t\t\t\t<span class=\"sp-tab__nav-link sp-tab__active\" data-sptoggle=\"tab\" for=\"#tab-98951\" role=\"tab\" aria-controls=tab-98951 aria-selected=true tabindex=0>\n\t\t\t\t\t<span class=\"tab_title_area\"><H4 class=\"sp-tab__tab_title\">\u200e \u200e \u200e \u200e \u200e \u200e \u200e \u200e \u200e \u200e \u200e \u200e \u200e \u200e \u200e \u200e \u200e \u200e \u200e \u200e \u200e \u200e \u200e \u200e \u200e \u200e\u200e \u200e  \u200e \u200e \u200e\u200e  \u200e \u200e \u200e \u200e \u200e \u200e \u200e \u200e SIC\u200e \u200e \u200e \u200e \u200e \u200e \u200e \u200e \u200e \u200e \u200e \u200e \u200e \u200e \u200e \u200e \u200e \u200e\u200e \u200e  \u200e \u200e \u200e \u200e \u200e \u200e \u200e \u200e \u200e \u200e \u200e\u200e  \u200e \u200e \u200e \u200e \u200e \u200e \u200e \u200e <\/H4><\/span>\n\t\t\t\t<\/span>\n\t\t\t<\/li>\n\t\t\t\t\t\t<li class=\"sp-tab__nav-item\" role=\"presentation\">\n\t\t\t\t<span class=\"sp-tab__nav-link\" data-sptoggle=\"tab\" for=\"#tab-98952\" role=\"tab\" aria-controls=tab-98952 aria-selected=true tabindex=0>\n\t\t\t\t\t<span class=\"tab_title_area\"><H4 class=\"sp-tab__tab_title\">\u200e \u200e \u200e \u200e \u200e \u200e \u200e \u200e \u200e \u200e \u200e \u200e \u200e \u200e \u200e \u200e \u200e \u200e \u200e \u200e \u200e \u200e\u200e\u200e \u200e  \u200e \u200e  \u200e \u200e \u200e \u200e \u200e \u200e \u200e\u200e  \u200e \u200e \u200e \u200e \u200e e-SIC\u200e \u200e \u200e \u200e \u200e \u200e \u200e \u200e \u200e \u200e \u200e \u200e \u200e \u200e \u200e \u200e \u200e \u200e \u200e \u200e \u200e \u200e \u200e\u200e \u200e \u200e  \u200e \u200e \u200e \u200e \u200e \u200e \u200e \u200e \u200e \u200e \u200e \u200e \u200e \u200e <\/H4><\/span>\n\t\t\t\t<\/span>\n\t\t\t<\/li>\n\t\t\t\t\t\t<li class=\"sp-tab__nav-item\" role=\"presentation\">\n\t\t\t\t<span class=\"sp-tab__nav-link\" data-sptoggle=\"tab\" for=\"#tab-98953\" role=\"tab\" aria-controls=tab-98953 aria-selected=true tabindex=0>\n\t\t\t\t\t<span class=\"tab_title_area\"><H4 class=\"sp-tab__tab_title\">\u200e \u200e \u200e \u200e \u200e \u200e \u200e \u200e \u200e \u200e \u200e \u200e \u200e \u200e \u200e \u200e \u200e \u200e \u200e \u200e \u200e\u200e  \u200e \u200e \u200e \u200e \u200e \u200e \u200e \u200e \u200e \u200e \u200e \u200e \u200e \u200e \u200e \u200e \u200e \u200e Relat\u00f3rio\u200e \u200e \u200e \u200e \u200e \u200e \u200e \u200e \u200e \u200e \u200e\u200e \u200e  \u200e \u200e\u200e  \u200e \u200e \u200e \u200e \u200e\u200e \u200e \u200e  \u200e \u200e \u200e \u200e \u200e \u200e \u200e \u200e \u200e \u200e \u200e \u200e \u200e \u200e \u200e \u200e <\/H4><\/span>\n\t\t\t\t<\/span>\n\t\t\t<\/li>\n\t\t\t<\/ul>\n<div class=\"sp-tab__tab-content\">\n\t\t\t\t<div id=\"tab-98951\" class=\"sp-tab__tab-pane sp-tab__show sp-tab__active\" role=\"tabpanel\">\n\t\t\t\t\t<div class=\"sp-tab-content animated fadeIn\"><h3>Servi\u00e7o de Atendimento ao Cidad\u00e3o - SIC F\u00edsico (Atendimento Presencial)<\/h3>\n<p><strong>O que \u00e9?<\/strong><br \/>\nO Servi\u00e7o de Informa\u00e7\u00e3o ao Cidad\u00e3o (SIC) \u00e9 a unidade respons\u00e1vel por atender os pedidos de acesso \u00e0 informa\u00e7\u00e3o feitos a C\u00e2mara Municipal de Macuco.<br \/>\n<strong>Quem pode utilizar?<\/strong><br \/>\nQualquer interessado, pessoa f\u00edsica ou jur\u00eddica, pode fazer um pedido de informa\u00e7\u00e3o. N\u00e3o \u00e9 necess\u00e1rio justificar. Para que a solicita\u00e7\u00e3o seja atendida \u00e9 necess\u00e1rio que o pedido seja claro e espec\u00edfico.<br \/>\n<strong> Como utilizar?<\/strong><br \/>\nRegistre seu pedido de acesso \u00e0 informa\u00e7\u00e3o<\/p>\n<p>Canais:<br \/>\n<strong>E-Sic (em processo de Ades\u00e3o)<\/strong><br \/>\nO Sistema Eletr\u00f4nico do Servi\u00e7o de Informa\u00e7\u00e3o (e-SIC) est\u00e1 integrado ao Fala.BR, a nova plataforma permite aos cidad\u00e3os fazer pedidos de informa\u00e7\u00f5es p\u00fablicas e manifesta\u00e7\u00f5es de ouvidoria em um \u00fanico local, a partir de um \u00fanico cadastro.<br \/>\n<strong>Sic<\/strong><br \/>\nRe\u00fane formul\u00e1rios relacionados \u00e0 Lei de Acesso \u00e0 Informa\u00e7\u00e3o. Est\u00e3o dispon\u00edveis os formul\u00e1rios de pedido de acesso \u00e0 informa\u00e7\u00e3o, recursos, reclama\u00e7\u00e3o e pedido de desclassifica\u00e7\u00e3o ou reavalia\u00e7\u00e3o e recursos. Os formul\u00e1rios devem ser entregues pessoalmente no endere\u00e7o da C\u00e2mara Municipal de Macuco ou por meio dos Correios.<\/p>\n<p>Formul\u00e1rios para Pedido de Acesso \u00e0 Informa\u00e7\u00e3o:<br \/>\n<a href=\"https:\/\/www.cmmacuco.rj.gov.br\/docs\/Sic\/Pedido-de-acesso-a-informacao-Pessoa-Natural.pdf\" target=\"_blank\" rel=\"noopener noreferrer\">Pedido de acesso \u00e0 informa\u00e7\u00e3o \u2013 Pessoa Natural<\/a><br \/>\n<a href=\"https:\/\/www.cmmacuco.rj.gov.br\/docs\/Sic\/Pedido-de-acesso-a-informacao-Pessoa-Juridica.pdf\" target=\"_blank\" rel=\"noopener noreferrer\"> Pedido de acesso \u00e0 informa\u00e7\u00e3o \u2013 Pessoa Jur\u00eddica<\/a><\/p>\n<p>Formul\u00e1rios para Recurso a pedido de Acesso \u00e0 Informa\u00e7\u00e3o:<br \/>\n<a href=\"https:\/\/www.cmmacuco.rj.gov.br\/docs\/Sic\/Recurso-referente-a-pedido-de-acesso-Pessoa-Natural.pdf\" target=\"_blank\" rel=\"noopener noreferrer\">Recurso referente a pedido de acesso \u2013 Pessoa Natural<\/a><br \/>\n<a href=\"https:\/\/www.cmmacuco.rj.gov.br\/docs\/Sic\/Recurso-referente-a-pedido-de-acesso-Pessoa-Juridica.pdf\" target=\"_blank\" rel=\"noopener noreferrer\">Recurso referente a pedido de acesso \u2013 Pessoa Jur\u00eddica<\/a><\/p>\n<p>Formul\u00e1rios para Reclama\u00e7\u00e3o:<br \/>\n<a href=\"https:\/\/www.cmmacuco.rj.gov.br\/docs\/Sic\/Reclamacao-Pessoa-Natural.pdf\" target=\"_blank\" rel=\"noopener noreferrer\">Reclama\u00e7\u00e3o \u2013 Pessoa Natural<\/a><br \/>\n<a href=\"https:\/\/www.cmmacuco.rj.gov.br\/docs\/Sic\/Reclamacao-Pessoa-Juridica.pdf\" target=\"_blank\" rel=\"noopener noreferrer\">Reclama\u00e7\u00e3o \u2013 Pessoa Jur\u00eddica<\/a><\/p>\n<p>Formul\u00e1rios para pedido de desclassifica\u00e7\u00e3o ou reavalia\u00e7\u00e3o e recursos:<\/p>\n<p><a href=\"https:\/\/www.cmmacuco.rj.gov.br\/docs\/Sic\/Pedido-de-desclassificacao-ou-reavaliacao-Pessoa-Natural.pdf\" target=\"_blank\" rel=\"noopener noreferrer\">Pedido de desclassifica\u00e7\u00e3o ou reavalia\u00e7\u00e3o \u2013 Pessoa Natural<\/a><br \/>\n<a href=\"https:\/\/www.cmmacuco.rj.gov.br\/docs\/Sic\/Pedido-de-desclassificacao-ou-reavaliacao-Pessoa-Juridica.pdf\" target=\"_blank\" rel=\"noopener noreferrer\">Pedido de desclassifica\u00e7\u00e3o ou reavalia\u00e7\u00e3o \u2013 Pessoa Jur\u00eddica<\/a><br \/>\n<a href=\"https:\/\/www.cmmacuco.rj.gov.br\/docs\/Sic\/Recurso-referente-a-pedido-de-desclassificacao-Pessoa-Natural.pdf\" target=\"_blank\" rel=\"noopener noreferrer\">Recurso referente a pedido de desclassifica\u00e7\u00e3o \u2013 Pessoa Natural<\/a><br \/>\n<a href=\"https:\/\/www.cmmacuco.rj.gov.br\/docs\/Sic\/Recurso-referente-a-pedido-de-desclassificacao-Pessoa-Natural-Forcas-Armadas.pdf\" target=\"_blank\" rel=\"noopener noreferrer\">Recurso referente a pedido de desclassifica\u00e7\u00e3o \u2013 Pessoa Natural (For\u00e7as Armadas)<\/a><br \/>\n<a href=\"https:\/\/www.cmmacuco.rj.gov.br\/docs\/Sic\/Recurso-referente-a-pedido-de-desclassificacao-Pessoa-Juridica.pdf\" target=\"_blank\" rel=\"noopener noreferrer\">Recurso referente a pedido de desclassifica\u00e7\u00e3o \u2013 Pessoa Jur\u00eddica <\/a><br \/>\n<a href=\"https:\/\/www.cmmacuco.rj.gov.br\/docs\/Sic\/Recurso-referente-a-pedido-de-desclassificacao-Pessoa-Juridica-Forcas-Armadas.pdf\" target=\"_blank\" rel=\"noopener noreferrer\">Recurso referente a pedido de desclassifica\u00e7\u00e3o \u2013 Pessoa Jur\u00eddica (For\u00e7as Armadas)<\/a><\/p>\n<p><strong>Respons\u00e1vel e Gestor do Portal:<\/strong> Rodrigo Teixeira Araujo<br \/>\n<strong>Localiza\u00e7\u00e3o:<\/strong> Travessa Mercedes Monteiro Machado N\u00ba 43 \u2013 Centro \u2013 Macuco \u2013 RJ<br \/>\n<strong>Funcionamento:<\/strong> 09:00h as 17:00h<br \/>\n<strong>Telefone:<\/strong> (22) 2554-1161<br \/>\n<strong>Setor:<\/strong> C\u00e2mara Municipal de Macuco _________________________________________________________________________________________________<\/p>\n<\/div>\n\t\t\t\t<\/div>\n\t\t\t\t\t\t\t\t<div id=\"tab-98952\" class=\"sp-tab__tab-pane \" role=\"tabpanel\">\n\t\t\t\t\t<div class=\"sp-tab-content animated fadeIn\"><style id=\"wpforms-css-vars-10099\">\n\t\t\t\t#wpforms-10099 {\n\t\t\t\t\n\t\t\t}\n\t\t\t<\/style><div class=\"wpforms-container wpforms-container-full wpforms-render-modern\" id=\"wpforms-10099\"><form id=\"wpforms-form-10099\" class=\"wpforms-validate wpforms-form wpforms-ajax-form\" data-formid=\"10099\" method=\"post\" enctype=\"multipart\/form-data\" action=\"\/cmm\/wp-json\/wp\/v2\/pages\/146\" data-token=\"60d6ba4e8215291c0ba063525a64fde0\" data-token-time=\"1775698471\"><noscript class=\"wpforms-error-noscript\">Please enable JavaScript in your browser to complete this form.<\/noscript><div id=\"wpforms-error-noscript\" style=\"display: none;\">Please enable JavaScript in your browser to complete this form.<\/div><div class=\"wpforms-field-container\"><div id=\"wpforms-10099-field_1-container\" class=\"wpforms-field wpforms-field-name\" data-field-id=\"1\"><label class=\"wpforms-field-label\" for=\"wpforms-10099-field_1\">Nome (opcional, colocar An\u00f4nimo se n\u00e3o quiser se identificar) <span class=\"wpforms-required-label\" aria-hidden=\"true\">*<\/span><\/label><input type=\"text\" id=\"wpforms-10099-field_1\" class=\"wpforms-field-medium wpforms-field-required\" name=\"wpforms[fields][1]\" aria-errormessage=\"wpforms-10099-field_1-error\" required><\/div><div id=\"wpforms-10099-field_9-container\" class=\"wpforms-field wpforms-field-text\" data-field-id=\"9\"><label class=\"wpforms-field-label\" for=\"wpforms-10099-field_9\">WhatsApp (opcional)<\/label><input type=\"text\" id=\"wpforms-10099-field_9\" class=\"wpforms-field-medium\" name=\"wpforms[fields][9]\" aria-errormessage=\"wpforms-10099-field_9-error\" ><\/div><div id=\"wpforms-10099-field_8-container\" class=\"wpforms-field wpforms-field-email\" data-field-id=\"8\"><label class=\"wpforms-field-label\" for=\"wpforms-10099-field_8\">Email <span class=\"wpforms-required-label\" aria-hidden=\"true\">*<\/span><\/label><input type=\"email\" id=\"wpforms-10099-field_8\" class=\"wpforms-field-medium wpforms-field-required\" name=\"wpforms[fields][8]\" spellcheck=\"false\" aria-errormessage=\"wpforms-10099-field_8-error\" required><\/div><div id=\"wpforms-10099-field_6-container\" class=\"wpforms-field wpforms-field-select wpforms-field-select-style-classic\" data-field-id=\"6\"><label class=\"wpforms-field-label\" for=\"wpforms-10099-field_6\">Selecione uma op\u00e7\u00e3o (obrigat\u00f3rio) <span class=\"wpforms-required-label\" aria-hidden=\"true\">*<\/span><\/label><select id=\"wpforms-10099-field_6\" class=\"wpforms-field-medium wpforms-field-required\" name=\"wpforms[fields][6]\" required=\"required\"><option value=\"Fale Conosco\"  class=\"choice-6 depth-1\"  >Fale Conosco<\/option><option value=\"Informa\u00e7\u00f5es\"  class=\"choice-5 depth-1\"  >Informa\u00e7\u00f5es<\/option><option value=\"Sugest\u00e3o\"  class=\"choice-1 depth-1\"  >Sugest\u00e3o<\/option><option value=\"Den\u00fancia\"  class=\"choice-2 depth-1\"  >Den\u00fancia<\/option><option value=\"Pedido\"  class=\"choice-3 depth-1\"  >Pedido<\/option><option value=\"Elogios\"  class=\"choice-7 depth-1\"  >Elogios<\/option><\/select><\/div>\t\t<div id=\"wpforms-10099-field_2-container\"\n\t\t\tclass=\"wpforms-field wpforms-field-text\"\n\t\t\tdata-field-type=\"text\"\n\t\t\tdata-field-id=\"2\"\n\t\t\t>\n\t\t\t<label class=\"wpforms-field-label\" for=\"wpforms-10099-field_2\" >(opcional, (opcional) se<\/label>\n\t\t\t<input type=\"text\" id=\"wpforms-10099-field_2\" class=\"wpforms-field-medium\" name=\"wpforms[fields][2]\" >\n\t\t<\/div>\n\t\t<div id=\"wpforms-10099-field_7-container\" class=\"wpforms-field wpforms-field-textarea\" data-field-id=\"7\"><label class=\"wpforms-field-label\" for=\"wpforms-10099-field_7\">A sua mensagem.<\/label><textarea id=\"wpforms-10099-field_7\" class=\"wpforms-field-medium\" name=\"wpforms[fields][7]\" aria-errormessage=\"wpforms-10099-field_7-error\" ><\/textarea><\/div><script>\n\t\t\t\t( function() {\n\t\t\t\t\tconst style = document.createElement( 'style' );\n\t\t\t\t\tstyle.appendChild( document.createTextNode( '#wpforms-10099-field_2-container { position: absolute !important; overflow: hidden !important; display: inline !important; height: 1px !important; width: 1px !important; z-index: -1000 !important; padding: 0 !important; } #wpforms-10099-field_2-container input { visibility: hidden; } #wpforms-conversational-form-page #wpforms-10099-field_2-container label { counter-increment: none; }' ) );\n\t\t\t\t\tdocument.head.appendChild( style );\n\t\t\t\t\tdocument.currentScript?.remove();\n\t\t\t\t} )();\n\t\t\t<\/script><\/div><!-- .wpforms-field-container --><div class=\"wpforms-submit-container\" ><input type=\"hidden\" name=\"wpforms[id]\" value=\"10099\"><input type=\"hidden\" name=\"page_title\" value=\"\"><input type=\"hidden\" name=\"page_url\" value=\"https:\/\/cmmacuco.rj.gov.br\/cmm\/wp-json\/wp\/v2\/pages\/146\"><input type=\"hidden\" name=\"url_referer\" value=\"\"><button type=\"submit\" name=\"wpforms[submit]\" id=\"wpforms-submit-10099\" class=\"wpforms-submit\" data-alt-text=\"Sending...\" data-submit-text=\"Enviar\" aria-live=\"assertive\" value=\"wpforms-submit\">Enviar<\/button><img loading=\"lazy\" decoding=\"async\" src=\"https:\/\/cmmacuco.rj.gov.br\/cmm\/wp-content\/plugins\/wpforms-lite\/assets\/images\/submit-spin.svg\" class=\"wpforms-submit-spinner\" style=\"display: none;\" width=\"26\" height=\"26\" alt=\"Loading\"><\/div><\/form><\/div>  <!-- .wpforms-container -->\n<\/div>\n\t\t\t\t<\/div>\n\t\t\t\t\t\t\t\t<div id=\"tab-98953\" class=\"sp-tab__tab-pane \" role=\"tabpanel\">\n\t\t\t\t\t<div class=\"sp-tab-content animated fadeIn\"><p><a href=\"https:\/\/www.cmmacuco.rj.gov.br\/docs\/portal\/sic%20classificados.pdf\" target=\"_blank\" rel=\"noopener noreferrer\">Relat\u00f3ria de itens classificados <\/a><\/p>\n<p><a href=\"https:\/\/www.cmmacuco.rj.gov.br\/docs\/portal\/sic%20desclassificados.pdf\" target=\"_blank\" rel=\"noopener noreferrer\">Relat\u00f3ria de itens desclassificados <\/a><\/p>\n<\/div>\n\t\t\t\t<\/div>\n\t\t\t\t<\/div>\n\t\t<\/div>\n\t\t\n","protected":false},"excerpt":{"rendered":"","protected":false},"author":1,"featured_media":0,"parent":121,"menu_order":0,"comment_status":"closed","ping_status":"closed","template":"","meta":{"footnotes":""},"class_list":["post-146","page","type-page","status-publish","hentry"],"_links":{"self":[{"href":"https:\/\/cmmacuco.rj.gov.br\/cmm\/wp-json\/wp\/v2\/pages\/146","targetHints":{"allow":["GET"]}}],"collection":[{"href":"https:\/\/cmmacuco.rj.gov.br\/cmm\/wp-json\/wp\/v2\/pages"}],"about":[{"href":"https:\/\/cmmacuco.rj.gov.br\/cmm\/wp-json\/wp\/v2\/types\/page"}],"author":[{"embeddable":true,"href":"https:\/\/cmmacuco.rj.gov.br\/cmm\/wp-json\/wp\/v2\/users\/1"}],"replies":[{"embeddable":true,"href":"https:\/\/cmmacuco.rj.gov.br\/cmm\/wp-json\/wp\/v2\/comments?post=146"}],"version-history":[{"count":2,"href":"https:\/\/cmmacuco.rj.gov.br\/cmm\/wp-json\/wp\/v2\/pages\/146\/revisions"}],"predecessor-version":[{"id":9896,"href":"https:\/\/cmmacuco.rj.gov.br\/cmm\/wp-json\/wp\/v2\/pages\/146\/revisions\/9896"}],"up":[{"embeddable":true,"href":"https:\/\/cmmacuco.rj.gov.br\/cmm\/wp-json\/wp\/v2\/pages\/121"}],"wp:attachment":[{"href":"https:\/\/cmmacuco.rj.gov.br\/cmm\/wp-json\/wp\/v2\/media?parent=146"}],"curies":[{"name":"wp","href":"https:\/\/api.w.org\/{rel}","templated":true}]}}