{"id":152,"date":"2024-09-02T16:41:44","date_gmt":"2024-09-02T19:41:44","guid":{"rendered":"https:\/\/cmmacuco.rj.gov.br\/cmm\/?page_id=152"},"modified":"2024-09-04T14:39:24","modified_gmt":"2024-09-04T17:39:24","slug":"mapa-do-site","status":"publish","type":"page","link":"https:\/\/cmmacuco.rj.gov.br\/cmm\/portal-da-transparencia\/mapa-do-site\/","title":{"rendered":"Mapa do Site"},"content":{"rendered":"\n<p> <strong><div class=\"wsp-container\"><ul class=\"wsp-pages-list\">\n<li class=\"page_item page-item-33\"><a href=\"https:\/\/cmmacuco.rj.gov.br\/cmm\/\">Bem-vindo ao Portal da C\u00e2mara Municipal de Macuco<\/a><\/li>\n<li class=\"page_item page-item-10128\"><a href=\"https:\/\/cmmacuco.rj.gov.br\/cmm\/diario\/\">Di\u00e1rio Oficial Eletr\u00f4nico<\/a><\/li>\n<li class=\"page_item page-item-3\"><a href=\"https:\/\/cmmacuco.rj.gov.br\/cmm\/privacy-policy\/\">Pol\u00edtica de Privacidade<\/a><\/li>\n<li class=\"page_item page-item-71 page_item_has_children\"><a href=\"https:\/\/cmmacuco.rj.gov.br\/cmm\/a-camara\/\">A C\u00e2mara<\/a>\n<ul class='children'>\n\t<li class=\"page_item page-item-49\"><a href=\"https:\/\/cmmacuco.rj.gov.br\/cmm\/a-camara\/e-mails\/\">e-mails<\/a><\/li>\n\t<li class=\"page_item page-item-16\"><a href=\"https:\/\/cmmacuco.rj.gov.br\/cmm\/a-camara\/o-dever-da-camara\/\">O dever da C\u00e2mara<\/a><\/li>\n\t<li class=\"page_item page-item-51\"><a href=\"https:\/\/cmmacuco.rj.gov.br\/cmm\/a-camara\/telefones\/\">Telefones<\/a><\/li>\n<\/ul>\n<\/li>\n<li class=\"page_item page-item-53 page_item_has_children\"><a href=\"https:\/\/cmmacuco.rj.gov.br\/cmm\/vereadores\/\">Vereadores<\/a>\n<ul class='children'>\n\t<li class=\"page_item page-item-73\"><a href=\"https:\/\/cmmacuco.rj.gov.br\/cmm\/vereadores\/adenilson-da-costa-pereira\/\">Adenilson da Costa Pereira<\/a><\/li>\n\t<li class=\"page_item page-item-79\"><a href=\"https:\/\/cmmacuco.rj.gov.br\/cmm\/vereadores\/alberto-de-oliveira-herdy\/\">Alberto de Oliveira Herdy<\/a><\/li>\n\t<li class=\"page_item page-item-77\"><a href=\"https:\/\/cmmacuco.rj.gov.br\/cmm\/vereadores\/bruno-miranda-cardoso\/\">Bruno Miranda Cardoso<\/a><\/li>\n<\/ul>\n<\/li>\n<li class=\"page_item page-item-55\"><a href=\"https:\/\/cmmacuco.rj.gov.br\/cmm\/comissoes\/\">Comiss\u00f5es<\/a><\/li>\n<li class=\"page_item page-item-87 page_item_has_children\"><a href=\"https:\/\/cmmacuco.rj.gov.br\/cmm\/sessoes\/\">Sess\u00f5es<\/a>\n<ul class='children'>\n\t<li class=\"page_item page-item-66\"><a href=\"https:\/\/cmmacuco.rj.gov.br\/cmm\/sessoes\/calendario-das-sessoes\/\">Calend\u00e1rio das Sess\u00f5es<\/a><\/li>\n\t<li class=\"page_item page-item-10329\"><a href=\"https:\/\/cmmacuco.rj.gov.br\/cmm\/sessoes\/sessoes-2026\/\">Sess\u00f5es 2026<\/a><\/li>\n\t<li class=\"page_item page-item-10150\"><a href=\"https:\/\/cmmacuco.rj.gov.br\/cmm\/sessoes\/sessao-2025\/\">Sess\u00f5es 2025<\/a><\/li>\n\t<li class=\"page_item page-item-97\"><a href=\"https:\/\/cmmacuco.rj.gov.br\/cmm\/sessoes\/sessoes-2024\/\">Sess\u00f5es 2024<\/a><\/li>\n\t<li class=\"page_item page-item-99\"><a href=\"https:\/\/cmmacuco.rj.gov.br\/cmm\/sessoes\/sessoes-2023\/\">Sess\u00f5es 2023<\/a><\/li>\n\t<li class=\"page_item page-item-101\"><a href=\"https:\/\/cmmacuco.rj.gov.br\/cmm\/sessoes\/sessoes-2022\/\">Sess\u00f5es 2022<\/a><\/li>\n\t<li class=\"page_item page-item-103\"><a href=\"https:\/\/cmmacuco.rj.gov.br\/cmm\/sessoes\/sessoes-2021\/\">Sess\u00f5es 2021<\/a><\/li>\n\t<li class=\"page_item page-item-105\"><a href=\"https:\/\/cmmacuco.rj.gov.br\/cmm\/sessoes\/sessoes-2020\/\">Sess\u00f5es 2020<\/a><\/li>\n\t<li class=\"page_item page-item-107\"><a href=\"https:\/\/cmmacuco.rj.gov.br\/cmm\/sessoes\/sessoes-2019\/\">Sess\u00f5es 2019<\/a><\/li>\n\t<li class=\"page_item page-item-109\"><a href=\"https:\/\/cmmacuco.rj.gov.br\/cmm\/sessoes\/sessoes-2018\/\">Sess\u00f5es 2018<\/a><\/li>\n\t<li class=\"page_item page-item-111\"><a href=\"https:\/\/cmmacuco.rj.gov.br\/cmm\/sessoes\/sessoes-2017\/\">Sess\u00f5es 2017<\/a><\/li>\n\t<li class=\"page_item page-item-113\"><a href=\"https:\/\/cmmacuco.rj.gov.br\/cmm\/sessoes\/sessoes-2016\/\">Sess\u00f5es 2016<\/a><\/li>\n\t<li class=\"page_item page-item-115\"><a href=\"https:\/\/cmmacuco.rj.gov.br\/cmm\/sessoes\/sessoes-2015\/\">Sess\u00f5es 2015<\/a><\/li>\n\t<li class=\"page_item page-item-117\"><a href=\"https:\/\/cmmacuco.rj.gov.br\/cmm\/sessoes\/sessoes-2014\/\">Sess\u00f5es 2014<\/a><\/li>\n\t<li class=\"page_item page-item-119\"><a href=\"https:\/\/cmmacuco.rj.gov.br\/cmm\/sessoes\/sessoes-2013\/\">Sess\u00f5es 2013<\/a><\/li>\n<\/ul>\n<\/li>\n<li class=\"page_item page-item-90\"><a href=\"https:\/\/cmmacuco.rj.gov.br\/cmm\/noticias\/\">Not\u00edcias<\/a><\/li>\n<li class=\"page_item page-item-121 page_item_has_children\"><a href=\"https:\/\/cmmacuco.rj.gov.br\/cmm\/portal-da-transparencia\/\">Portal da Transpar\u00eancia<\/a>\n<ul class='children'>\n\t<li class=\"page_item page-item-156\"><a href=\"https:\/\/cmmacuco.rj.gov.br\/cmm\/portal-da-transparencia\/abertura-de-editais\/\">Abertura de Editais<\/a><\/li>\n\t<li class=\"page_item page-item-158\"><a href=\"https:\/\/cmmacuco.rj.gov.br\/cmm\/portal-da-transparencia\/controle-interno\/\">Controle Interno<\/a><\/li>\n\t<li class=\"page_item page-item-154\"><a href=\"https:\/\/cmmacuco.rj.gov.br\/cmm\/portal-da-transparencia\/legislacao\/\">Legisla\u00e7\u00e3o<\/a><\/li>\n\t<li class=\"page_item page-item-123\"><a href=\"https:\/\/cmmacuco.rj.gov.br\/cmm\/portal-da-transparencia\/lei-geral-de-protecao-de-dados\/\">Lei Geral de Prote\u00e7\u00e3o de Dados<\/a><\/li>\n\t<li class=\"page_item page-item-125\"><a href=\"https:\/\/cmmacuco.rj.gov.br\/cmm\/portal-da-transparencia\/licitacoes-e-contratos\/\">Licita\u00e7\u00f5es e Contratos<\/a><\/li>\n\t<li class=\"page_item page-item-152\"><a href=\"https:\/\/cmmacuco.rj.gov.br\/cmm\/portal-da-transparencia\/mapa-do-site\/\">Mapa do Site<\/a><\/li>\n\t<li class=\"page_item page-item-127\"><a href=\"https:\/\/cmmacuco.rj.gov.br\/cmm\/portal-da-transparencia\/mp\/\">MP<\/a><\/li>\n\t<li class=\"page_item page-item-130\"><a href=\"https:\/\/cmmacuco.rj.gov.br\/cmm\/portal-da-transparencia\/obras\/\">Obras<\/a><\/li>\n\t<li class=\"page_item page-item-132\"><a href=\"https:\/\/cmmacuco.rj.gov.br\/cmm\/portal-da-transparencia\/orcamento-e-financas\/\">Or\u00e7amento e Finan\u00e7as<\/a><\/li>\n\t<li class=\"page_item page-item-134\"><a href=\"https:\/\/cmmacuco.rj.gov.br\/cmm\/portal-da-transparencia\/orcamentos\/\">Or\u00e7amentos<\/a><\/li>\n\t<li class=\"page_item page-item-136\"><a href=\"https:\/\/cmmacuco.rj.gov.br\/cmm\/portal-da-transparencia\/ouvidoria\/\">Ouvidoria<\/a><\/li>\n\t<li class=\"page_item page-item-138\"><a href=\"https:\/\/cmmacuco.rj.gov.br\/cmm\/portal-da-transparencia\/pesquisa\/\">Pesquisa<\/a><\/li>\n\t<li class=\"page_item page-item-140\"><a href=\"https:\/\/cmmacuco.rj.gov.br\/cmm\/portal-da-transparencia\/prestacao-de-conta\/\">Presta\u00e7\u00e3o de Conta<\/a><\/li>\n\t<li class=\"page_item page-item-142\"><a href=\"https:\/\/cmmacuco.rj.gov.br\/cmm\/portal-da-transparencia\/prestacao-de-contas-balanco-anual\/\">Presta\u00e7\u00e3o de Contas (Balan\u00e7o Anual)<\/a><\/li>\n\t<li class=\"page_item page-item-144\"><a href=\"https:\/\/cmmacuco.rj.gov.br\/cmm\/portal-da-transparencia\/recursos-humanos\/\">Recursos Humanos<\/a><\/li>\n\t<li class=\"page_item page-item-146 page_item_has_children\"><a href=\"https:\/\/cmmacuco.rj.gov.br\/cmm\/portal-da-transparencia\/sic\/\">SIC<\/a>\n\t<ul class='children'>\n\t\t<li class=\"page_item page-item-148\"><a href=\"https:\/\/cmmacuco.rj.gov.br\/cmm\/portal-da-transparencia\/sic\/relatorio\/\">Relat\u00f3rio<\/a><\/li>\n\t<\/ul>\n<\/li>\n\t<li class=\"page_item page-item-150\"><a href=\"https:\/\/cmmacuco.rj.gov.br\/cmm\/portal-da-transparencia\/transparencia\/\">Transpar\u00eancia<\/a><\/li>\n<\/ul>\n<\/li>\n<\/ul>\n<\/div><\/strong> <\/p>\n","protected":false},"excerpt":{"rendered":"","protected":false},"author":1,"featured_media":0,"parent":121,"menu_order":0,"comment_status":"closed","ping_status":"closed","template":"","meta":{"footnotes":""},"class_list":["post-152","page","type-page","status-publish","hentry"],"_links":{"self":[{"href":"https:\/\/cmmacuco.rj.gov.br\/cmm\/wp-json\/wp\/v2\/pages\/152","targetHints":{"allow":["GET"]}}],"collection":[{"href":"https:\/\/cmmacuco.rj.gov.br\/cmm\/wp-json\/wp\/v2\/pages"}],"about":[{"href":"https:\/\/cmmacuco.rj.gov.br\/cmm\/wp-json\/wp\/v2\/types\/page"}],"author":[{"embeddable":true,"href":"https:\/\/cmmacuco.rj.gov.br\/cmm\/wp-json\/wp\/v2\/users\/1"}],"replies":[{"embeddable":true,"href":"https:\/\/cmmacuco.rj.gov.br\/cmm\/wp-json\/wp\/v2\/comments?post=152"}],"version-history":[{"count":2,"href":"https:\/\/cmmacuco.rj.gov.br\/cmm\/wp-json\/wp\/v2\/pages\/152\/revisions"}],"predecessor-version":[{"id":250,"href":"https:\/\/cmmacuco.rj.gov.br\/cmm\/wp-json\/wp\/v2\/pages\/152\/revisions\/250"}],"up":[{"embeddable":true,"href":"https:\/\/cmmacuco.rj.gov.br\/cmm\/wp-json\/wp\/v2\/pages\/121"}],"wp:attachment":[{"href":"https:\/\/cmmacuco.rj.gov.br\/cmm\/wp-json\/wp\/v2\/media?parent=152"}],"curies":[{"name":"wp","href":"https:\/\/api.w.org\/{rel}","templated":true}]}}