{"id":16,"date":"2024-09-02T13:43:08","date_gmt":"2024-09-02T16:43:08","guid":{"rendered":"https:\/\/cmmacuco.rj.gov.br\/cmm\/?page_id=16"},"modified":"2024-09-04T17:41:43","modified_gmt":"2024-09-04T20:41:43","slug":"o-dever-da-camara","status":"publish","type":"page","link":"https:\/\/cmmacuco.rj.gov.br\/cmm\/a-camara\/o-dever-da-camara\/","title":{"rendered":"O dever da C\u00e2mara"},"content":{"rendered":"<h3 style=\"text-align: center;\"><strong>C\u00e2mara, um poder independente<\/strong><\/h3>\n<p style=\"text-align: justify;\">&nbsp; &nbsp;A Constitui\u00e7\u00e3o Federal garante a independ\u00eancia do Poder Legislativo Municipal, de compet\u00eancia das C\u00e2maras Municipais. Nenhuma outra esfera pode interferir nos seus trabalhos. Essa independ\u00eancia s\u00f3 acontece dentro dos limites das suas atribui\u00e7\u00f5es. Por isso, as C\u00e2maras precisam trabalhar de acordo com as leis que regem sua atua\u00e7\u00e3o.<\/p>\n<p style=\"text-align: justify;\">&nbsp; &nbsp; A C\u00e2mara \u00e9 o local mais importante de atua\u00e7\u00e3o dos vereadores, pois \u00e9 onde exercem o papel de legisladores e de fiscalizadores da Administra\u00e7\u00e3o Municipal. O poder de cada vereador, no entanto, \u00e9 exercido nos limites da sua C\u00e2mara e de acordo com as leis que a criaram e que a organizam.<\/p>\n<p><strong>Principais fun\u00e7\u00f5es de uma C\u00e2mara de Vereadores<\/strong><\/p>\n<p>S\u00e3o tr\u00eas as fun\u00e7\u00f5es de uma C\u00e2mara de Vereadores:<\/p>\n<p>\u2014 Fun\u00e7\u00e3o Legislativa<br \/>\n\u2014 Fun\u00e7\u00e3o Fiscalizadora<br \/>\n\u2014 Fun\u00e7\u00e3o Deliberativa<\/p>\n<p>Essas fun\u00e7\u00f5es s\u00e3o semelhantes em todas as Casas Legislativas do Pa\u00eds.<\/p>\n<p><strong>1. Fun\u00e7\u00e3o Legislativa<\/strong><\/p>\n<p style=\"text-align: justify;\">&nbsp; &nbsp; A C\u00e2mara, no exerc\u00edcio da sua fun\u00e7\u00e3o legislativa, participa da elabora\u00e7\u00e3o de leis de interesse do munic\u00edpio. As mat\u00e9rias legislativas que s\u00e3o da compet\u00eancia exclusiva dos munic\u00edpios est\u00e3o fixadas no art.30 da Constitui\u00e7\u00e3o Federal. Exemplo de algumas dessas compet\u00eancias municipais, sobre as quais as C\u00e2maras Municipais legislam:<\/p>\n<p>\u2014 tributos municipais;<br \/>\n\u2014 concess\u00e3o de isen\u00e7\u00f5es e benef\u00edcios fiscais;<br \/>\n\u2014 aplica\u00e7\u00e3o das rendas municipais;<br \/>\n\u2014 elabora\u00e7\u00e3o das diretrizes or\u00e7ament\u00e1rias, dos or\u00e7amentos anuais e dos planos plurianuais dos munic\u00edpios;<br \/>\n\u2014 ocupa\u00e7\u00e3o do solo urbano;<br \/>\n\u2014 prote\u00e7\u00e3o do patrim\u00f4nio municipal.<\/p>\n<p style=\"text-align: justify;\">&nbsp; &nbsp; A fun\u00e7\u00e3o legislativa \u00e9 a que mais se destaca dentre as tr\u00eas fun\u00e7\u00f5es porque \u00e9 por meio das leis que os cidad\u00e3os t\u00eam seus direitos assegurados. Al\u00e9m disso, as leis tamb\u00e9m asseguram a harmonia entre os poderes, orientam a vida das pessoas e s\u00e3o indispens\u00e1veis para a administra\u00e7\u00e3o p\u00fablica.<\/p>\n<p style=\"text-align: justify;\">&nbsp; &nbsp; Um prefeito s\u00f3 pode fazer o que a lei determina, isto \u00e9, ele n\u00e3o pode fazer nada que a lei n\u00e3o autorize. Por isso, as normas municipais s\u00e3o t\u00e3o importantes para a organiza\u00e7\u00e3o dos servi\u00e7os dos munic\u00edpios.<\/p>\n","protected":false},"excerpt":{"rendered":"<p>C\u00e2mara, um poder independente &nbsp; &nbsp;A Constitui\u00e7\u00e3o Federal garante a independ\u00eancia do Poder Legislativo Municipal, de compet\u00eancia das C\u00e2maras Municipais. Nenhuma outra esfera pode interferir nos seus trabalhos. Essa independ\u00eancia s\u00f3 acontece dentro dos limites das suas atribui\u00e7\u00f5es. Por isso, as C\u00e2maras precisam trabalhar de acordo com as leis que regem sua atua\u00e7\u00e3o. &nbsp; &nbsp; [&hellip;]<\/p>\n","protected":false},"author":1,"featured_media":0,"parent":71,"menu_order":0,"comment_status":"closed","ping_status":"closed","template":"","meta":{"footnotes":""},"class_list":["post-16","page","type-page","status-publish","hentry"],"_links":{"self":[{"href":"https:\/\/cmmacuco.rj.gov.br\/cmm\/wp-json\/wp\/v2\/pages\/16","targetHints":{"allow":["GET"]}}],"collection":[{"href":"https:\/\/cmmacuco.rj.gov.br\/cmm\/wp-json\/wp\/v2\/pages"}],"about":[{"href":"https:\/\/cmmacuco.rj.gov.br\/cmm\/wp-json\/wp\/v2\/types\/page"}],"author":[{"embeddable":true,"href":"https:\/\/cmmacuco.rj.gov.br\/cmm\/wp-json\/wp\/v2\/users\/1"}],"replies":[{"embeddable":true,"href":"https:\/\/cmmacuco.rj.gov.br\/cmm\/wp-json\/wp\/v2\/comments?post=16"}],"version-history":[{"count":1,"href":"https:\/\/cmmacuco.rj.gov.br\/cmm\/wp-json\/wp\/v2\/pages\/16\/revisions"}],"predecessor-version":[{"id":17,"href":"https:\/\/cmmacuco.rj.gov.br\/cmm\/wp-json\/wp\/v2\/pages\/16\/revisions\/17"}],"up":[{"embeddable":true,"href":"https:\/\/cmmacuco.rj.gov.br\/cmm\/wp-json\/wp\/v2\/pages\/71"}],"wp:attachment":[{"href":"https:\/\/cmmacuco.rj.gov.br\/cmm\/wp-json\/wp\/v2\/media?parent=16"}],"curies":[{"name":"wp","href":"https:\/\/api.w.org\/{rel}","templated":true}]}}