{"id":49,"date":"2024-09-02T15:06:52","date_gmt":"2024-09-02T18:06:52","guid":{"rendered":"https:\/\/cmmacuco.rj.gov.br\/cmm\/?page_id=49"},"modified":"2025-02-18T14:32:22","modified_gmt":"2025-02-18T17:32:22","slug":"e-mails","status":"publish","type":"page","link":"https:\/\/cmmacuco.rj.gov.br\/cmm\/a-camara\/e-mails\/","title":{"rendered":"e-mails"},"content":{"rendered":"<h1>Vereadores<\/h1>\n<p><strong>PRESIDENTE: Jos\u00e9 Hugo Marc\u00edlio Martins Carvalho Neto (SD) <\/strong>&#8211; <span style=\"color: #339966;\"> huguinho@cmmacuco.rj.gov.br<\/span><\/p>\n<p><strong>VICE-PRESIDENTE: Jos\u00e9 Luiz Estefani Miranda Filho (CIDADANIA)<\/strong> \u2013 <span style=\"color: #339966;\"> zeestefani@cmmacuco.rj.gov.br<\/span><\/p>\n<p><strong>1\u00ba SECRET\u00c1RIO: Bruno Miranda Cardoso (UNI\u00c3O BRASIL) <\/strong>\u2013 <span style=\"color: #339966;\"> bruno@cmmacuco.rj.gov.br<\/span><\/p>\n<p><strong>2\u00ba SECRET\u00c1RIO: Pl\u00ednio Cesar Daflon Vieira (PL) <\/strong>\u2013 <span style=\"color: #339966;\"> Pliniodaflon@cmmacuco.rj.gov.br<\/span><\/p>\n<p><strong>VEREADOR: Adenilson da Costa Pereira (PRD) <\/strong>&#8211; <span style=\"color: #339966;\"> adenilson@cmmacuco.rj.gov.br<\/span><\/p>\n<p><strong>VEREADOR: Alberto de Oliveira Herdy (SD)<\/strong> \u2013 <span style=\"color: #339966;\"> albertoherdy@cmmacuco.rj.gov.br<\/span><\/p>\n<p><strong>VEREADOR: Alessanio Badini Joy (PR)<\/strong> \u2013<span style=\"color: #339966;\"> alessanio@cmmacuco.rj.gov.br<\/span><\/p>\n<p><strong>VEREADOR: Leandro Abreu Sp\u00edndola (PSD)<\/strong> &#8211; <span style=\"color: #339966;\"> leandroabreu@cmmacuco.rj.gov.br <\/span><\/p>\n<p><strong>VEREADOR: Myrella Daflon Abreu (PP)<\/strong> \u2013<span style=\"color: #339966;\"> myrella@cmmacuco.rj.gov.br<\/span><\/p>\n<h1>Departamentos<\/h1>\n<p><strong>SECRETARIA GERAL<\/strong> \u2013 <span style=\"color: #339966;\">sec.geral@cmmacuco.rj.gov.br<\/span><\/p>\n<p><strong>GABINETE DA PRESID\u00caNCIA<\/strong> \u2013<span style=\"color: #339966;\"> gab.presidencia@cmmacuco.rj.gov.br<\/span><\/p>\n<p><strong>CONTATO<\/strong> \u2013 <span style=\"color: #339966;\">faleconosco@cmmacuco.rj.gov.br<\/span><\/p>\n<p><strong>DEPARTAMENTO JUR\u00cdDICO<\/strong> \u2013 <span style=\"color: #339966;\">dep.juridico@cmmacuco.rj.gov.br<\/span><\/p>\n<p><strong>CONTABILIDADE<\/strong> \u2013<span style=\"color: #339966;\"> contabilidade@cmmacuco.rj.gov.br<\/span><\/p>\n","protected":false},"excerpt":{"rendered":"<p>Vereadores PRESIDENTE: Jos\u00e9 Hugo Marc\u00edlio Martins Carvalho Neto (SD) &#8211; huguinho@cmmacuco.rj.gov.br VICE-PRESIDENTE: Jos\u00e9 Luiz Estefani Miranda Filho (CIDADANIA) \u2013 zeestefani@cmmacuco.rj.gov.br 1\u00ba SECRET\u00c1RIO: Bruno Miranda Cardoso (UNI\u00c3O BRASIL) \u2013 bruno@cmmacuco.rj.gov.br 2\u00ba SECRET\u00c1RIO: Pl\u00ednio Cesar Daflon Vieira (PL) \u2013 Pliniodaflon@cmmacuco.rj.gov.br VEREADOR: Adenilson da Costa Pereira (PRD) &#8211; adenilson@cmmacuco.rj.gov.br VEREADOR: Alberto de Oliveira Herdy (SD) \u2013 albertoherdy@cmmacuco.rj.gov.br VEREADOR: [&hellip;]<\/p>\n","protected":false},"author":1,"featured_media":0,"parent":71,"menu_order":0,"comment_status":"closed","ping_status":"closed","template":"","meta":{"footnotes":""},"class_list":["post-49","page","type-page","status-publish","hentry"],"_links":{"self":[{"href":"https:\/\/cmmacuco.rj.gov.br\/cmm\/wp-json\/wp\/v2\/pages\/49","targetHints":{"allow":["GET"]}}],"collection":[{"href":"https:\/\/cmmacuco.rj.gov.br\/cmm\/wp-json\/wp\/v2\/pages"}],"about":[{"href":"https:\/\/cmmacuco.rj.gov.br\/cmm\/wp-json\/wp\/v2\/types\/page"}],"author":[{"embeddable":true,"href":"https:\/\/cmmacuco.rj.gov.br\/cmm\/wp-json\/wp\/v2\/users\/1"}],"replies":[{"embeddable":true,"href":"https:\/\/cmmacuco.rj.gov.br\/cmm\/wp-json\/wp\/v2\/comments?post=49"}],"version-history":[{"count":2,"href":"https:\/\/cmmacuco.rj.gov.br\/cmm\/wp-json\/wp\/v2\/pages\/49\/revisions"}],"predecessor-version":[{"id":10174,"href":"https:\/\/cmmacuco.rj.gov.br\/cmm\/wp-json\/wp\/v2\/pages\/49\/revisions\/10174"}],"up":[{"embeddable":true,"href":"https:\/\/cmmacuco.rj.gov.br\/cmm\/wp-json\/wp\/v2\/pages\/71"}],"wp:attachment":[{"href":"https:\/\/cmmacuco.rj.gov.br\/cmm\/wp-json\/wp\/v2\/media?parent=49"}],"curies":[{"name":"wp","href":"https:\/\/api.w.org\/{rel}","templated":true}]}}