{"id":51,"date":"2024-09-02T15:08:33","date_gmt":"2024-09-02T18:08:33","guid":{"rendered":"https:\/\/cmmacuco.rj.gov.br\/cmm\/?page_id=51"},"modified":"2024-09-04T17:42:08","modified_gmt":"2024-09-04T20:42:08","slug":"telefones","status":"publish","type":"page","link":"https:\/\/cmmacuco.rj.gov.br\/cmm\/a-camara\/telefones\/","title":{"rendered":"Telefones"},"content":{"rendered":"<h5><strong>Banco do Brasil: &nbsp;<span style=\"color: #008000;\">(22)2554-1141 \/ (22)2554-1447<\/span><\/strong><\/h5>\n<h5><strong>Banco Ita\u00fa: <span style=\"color: #008000;\">(22)2554-2030 \/ (22)2554-2031<\/span><\/strong><\/h5>\n<h5><strong>C\u00e2mara Municipal:<span style=\"color: #008000;\"> (22)2554-1161<\/span><\/strong><\/h5>\n<h5><strong>Cart\u00f3rio Of\u00edcio \u00danico de Macuco: <span style=\"color: #008000;\">(22)2554-1125<\/span><\/strong><\/h5>\n<h5><strong>Conselho Tutelar: <span style=\"color: #008000;\">(22)2554-9123<\/span><\/strong><\/h5>\n<h5><strong>Cooperativa Regional Agropecu\u00e1ria de Macuco: <span style=\"color: #008000;\">(22)2554-1103<\/span><\/strong><\/h5>\n<h5><strong>Corpo de Bombeiros: <span style=\"color: #008000;\">193<\/span><\/strong><\/h5>\n<h5><strong>Defesa Civil: <span style=\"color: #008000;\">199<\/span><\/strong><\/h5>\n<h5><strong>Delegacia de Cordeiro: <span style=\"color: #008000;\">(22)2551-2077<\/span><\/strong><\/h5>\n<h5><strong>Disque Den\u00fancia:<span style=\"color: #008000;\"> (22)2523-4590<\/span><\/strong><\/h5>\n<h5><strong>Pol\u00edcia Florestal: <span style=\"color: #008000;\">(22)2561-3228<\/span><\/strong><\/h5>\n<h5><strong>Prefeitura Municipal: &nbsp;<span style=\"color: #008000;\">(22)2554-9100<\/span><\/strong><\/h5>\n<h5><strong>Pol\u00edcia Militar: <span style=\"color: #008000;\">190 \/ (22)2554-1738 \/ (22)2554-1708 \/ (22)2554-2118<\/span><\/strong><\/h5>\n<h5><strong>Pronto Atendimento Municipal (Casa do Parto): &nbsp;<span style=\"color: #008000;\">192<\/span><\/strong><\/h5>\n","protected":false},"excerpt":{"rendered":"<p>Banco do Brasil: &nbsp;(22)2554-1141 \/ (22)2554-1447 Banco Ita\u00fa: (22)2554-2030 \/ (22)2554-2031 C\u00e2mara Municipal: (22)2554-1161 Cart\u00f3rio Of\u00edcio \u00danico de Macuco: (22)2554-1125 Conselho Tutelar: (22)2554-9123 Cooperativa Regional Agropecu\u00e1ria de Macuco: (22)2554-1103 Corpo de Bombeiros: 193 Defesa Civil: 199 Delegacia de Cordeiro: (22)2551-2077 Disque Den\u00fancia: (22)2523-4590 Pol\u00edcia Florestal: (22)2561-3228 Prefeitura Municipal: &nbsp;(22)2554-9100 Pol\u00edcia Militar: 190 \/ (22)2554-1738 \/ [&hellip;]<\/p>\n","protected":false},"author":1,"featured_media":0,"parent":71,"menu_order":0,"comment_status":"closed","ping_status":"closed","template":"","meta":{"footnotes":""},"class_list":["post-51","page","type-page","status-publish","hentry"],"_links":{"self":[{"href":"https:\/\/cmmacuco.rj.gov.br\/cmm\/wp-json\/wp\/v2\/pages\/51","targetHints":{"allow":["GET"]}}],"collection":[{"href":"https:\/\/cmmacuco.rj.gov.br\/cmm\/wp-json\/wp\/v2\/pages"}],"about":[{"href":"https:\/\/cmmacuco.rj.gov.br\/cmm\/wp-json\/wp\/v2\/types\/page"}],"author":[{"embeddable":true,"href":"https:\/\/cmmacuco.rj.gov.br\/cmm\/wp-json\/wp\/v2\/users\/1"}],"replies":[{"embeddable":true,"href":"https:\/\/cmmacuco.rj.gov.br\/cmm\/wp-json\/wp\/v2\/comments?post=51"}],"version-history":[{"count":1,"href":"https:\/\/cmmacuco.rj.gov.br\/cmm\/wp-json\/wp\/v2\/pages\/51\/revisions"}],"predecessor-version":[{"id":52,"href":"https:\/\/cmmacuco.rj.gov.br\/cmm\/wp-json\/wp\/v2\/pages\/51\/revisions\/52"}],"up":[{"embeddable":true,"href":"https:\/\/cmmacuco.rj.gov.br\/cmm\/wp-json\/wp\/v2\/pages\/71"}],"wp:attachment":[{"href":"https:\/\/cmmacuco.rj.gov.br\/cmm\/wp-json\/wp\/v2\/media?parent=51"}],"curies":[{"name":"wp","href":"https:\/\/api.w.org\/{rel}","templated":true}]}}