{"id":66,"date":"2024-09-02T15:42:33","date_gmt":"2024-09-02T18:42:33","guid":{"rendered":"https:\/\/cmmacuco.rj.gov.br\/cmm\/?page_id=66"},"modified":"2025-06-17T15:22:06","modified_gmt":"2025-06-17T18:22:06","slug":"calendario-das-sessoes","status":"publish","type":"page","link":"https:\/\/cmmacuco.rj.gov.br\/cmm\/sessoes\/calendario-das-sessoes\/","title":{"rendered":"Calend\u00e1rio das Sess\u00f5es"},"content":{"rendered":"<h4>Calend\u00e1rio das sess\u00f5es Ordin\u00e1rias do Ano de 2025<\/h4>\n<p><center><img decoding=\"async\" src=\"https:\/\/cmmacuco.rj.gov.br\/img\/calendario\/calendario%20sessao%202026.jpg\" alt=\"calendario\" width=\"\" height=\"\"><\/center><\/p>\n","protected":false},"excerpt":{"rendered":"<p>Calend\u00e1rio das sess\u00f5es Ordin\u00e1rias do Ano de 2025<\/p>\n","protected":false},"author":1,"featured_media":0,"parent":87,"menu_order":0,"comment_status":"closed","ping_status":"closed","template":"","meta":{"footnotes":""},"class_list":["post-66","page","type-page","status-publish","hentry"],"_links":{"self":[{"href":"https:\/\/cmmacuco.rj.gov.br\/cmm\/wp-json\/wp\/v2\/pages\/66","targetHints":{"allow":["GET"]}}],"collection":[{"href":"https:\/\/cmmacuco.rj.gov.br\/cmm\/wp-json\/wp\/v2\/pages"}],"about":[{"href":"https:\/\/cmmacuco.rj.gov.br\/cmm\/wp-json\/wp\/v2\/types\/page"}],"author":[{"embeddable":true,"href":"https:\/\/cmmacuco.rj.gov.br\/cmm\/wp-json\/wp\/v2\/users\/1"}],"replies":[{"embeddable":true,"href":"https:\/\/cmmacuco.rj.gov.br\/cmm\/wp-json\/wp\/v2\/comments?post=66"}],"version-history":[{"count":4,"href":"https:\/\/cmmacuco.rj.gov.br\/cmm\/wp-json\/wp\/v2\/pages\/66\/revisions"}],"predecessor-version":[{"id":10276,"href":"https:\/\/cmmacuco.rj.gov.br\/cmm\/wp-json\/wp\/v2\/pages\/66\/revisions\/10276"}],"up":[{"embeddable":true,"href":"https:\/\/cmmacuco.rj.gov.br\/cmm\/wp-json\/wp\/v2\/pages\/87"}],"wp:attachment":[{"href":"https:\/\/cmmacuco.rj.gov.br\/cmm\/wp-json\/wp\/v2\/media?parent=66"}],"curies":[{"name":"wp","href":"https:\/\/api.w.org\/{rel}","templated":true}]}}