{"id":87,"date":"2024-09-02T16:06:50","date_gmt":"2024-09-02T19:06:50","guid":{"rendered":"https:\/\/cmmacuco.rj.gov.br\/cmm\/?page_id=87"},"modified":"2024-09-02T16:08:18","modified_gmt":"2024-09-02T19:08:18","slug":"sessoes","status":"publish","type":"page","link":"https:\/\/cmmacuco.rj.gov.br\/cmm\/sessoes\/","title":{"rendered":"Sess\u00f5es"},"content":{"rendered":"<p><a href=\"http:\/\/www.cmmacuco.rj.gov.br\/novo\/sessoes\/calendario-das-sessoes\/\">Calend\u00e1rio das Sess\u00f5es<\/a><\/p>\n<p><a href=\"https:\/\/www.cmmacuco.rj.gov.br\/novo\/sessoes\/sessoes-2022\/\">Sess\u00f5es 2022<\/a><\/p>\n<p><a href=\"https:\/\/www.cmmacuco.rj.gov.br\/novo\/sessoes\/sessoes-2021\/\">Sess\u00f5es 2021<\/a><\/p>\n<p><a href=\"https:\/\/www.cmmacuco.rj.gov.br\/novo\/sessoes\/sessoes-2010\/\">Sess\u00f5es 2020<\/a><\/p>\n<p><a href=\"http:\/\/www.cmmacuco.rj.gov.br\/novo\/sessoes\/sessoes-2019\/\">Sess\u00f5es 2019<\/a><\/p>\n<p><a href=\"http:\/\/www.cmmacuco.rj.gov.br\/novo\/sessoes\/sessoes-2018\/\">Sess\u00f5es 2018<\/a><\/p>\n<p><a href=\"http:\/\/www.cmmacuco.rj.gov.br\/novo\/sessoes\/sessoes-2017\/\">Sess\u00f5es 2017<\/a><\/p>\n<p><a href=\"http:\/\/www.cmmacuco.rj.gov.br\/novo\/sessoes\/sessoes-2016\/\">Sess\u00f5es 2016<\/a><\/p>\n<p><a href=\"http:\/\/www.cmmacuco.rj.gov.br\/novo\/sessoes\/sessoes-2015\/\">Sess\u00f5es 2015<\/a><\/p>\n<p><a href=\"http:\/\/www.cmmacuco.rj.gov.br\/novo\/sessoes\/sessoes-2014\/\">Sess\u00f5es 2014<\/a><\/p>\n<p><a href=\"http:\/\/www.cmmacuco.rj.gov.br\/novo\/sessoes\/sessoes-2013\/\">Sess\u00f5es 2013<\/a><\/p>\n","protected":false},"excerpt":{"rendered":"<p>Calend\u00e1rio das Sess\u00f5es Sess\u00f5es 2022 Sess\u00f5es 2021 Sess\u00f5es 2020 Sess\u00f5es 2019 Sess\u00f5es 2018 Sess\u00f5es 2017 Sess\u00f5es 2016 Sess\u00f5es 2015 Sess\u00f5es 2014 Sess\u00f5es 2013<\/p>\n","protected":false},"author":1,"featured_media":0,"parent":0,"menu_order":4,"comment_status":"closed","ping_status":"closed","template":"","meta":{"footnotes":""},"class_list":["post-87","page","type-page","status-publish","hentry"],"_links":{"self":[{"href":"https:\/\/cmmacuco.rj.gov.br\/cmm\/wp-json\/wp\/v2\/pages\/87","targetHints":{"allow":["GET"]}}],"collection":[{"href":"https:\/\/cmmacuco.rj.gov.br\/cmm\/wp-json\/wp\/v2\/pages"}],"about":[{"href":"https:\/\/cmmacuco.rj.gov.br\/cmm\/wp-json\/wp\/v2\/types\/page"}],"author":[{"embeddable":true,"href":"https:\/\/cmmacuco.rj.gov.br\/cmm\/wp-json\/wp\/v2\/users\/1"}],"replies":[{"embeddable":true,"href":"https:\/\/cmmacuco.rj.gov.br\/cmm\/wp-json\/wp\/v2\/comments?post=87"}],"version-history":[{"count":2,"href":"https:\/\/cmmacuco.rj.gov.br\/cmm\/wp-json\/wp\/v2\/pages\/87\/revisions"}],"predecessor-version":[{"id":89,"href":"https:\/\/cmmacuco.rj.gov.br\/cmm\/wp-json\/wp\/v2\/pages\/87\/revisions\/89"}],"wp:attachment":[{"href":"https:\/\/cmmacuco.rj.gov.br\/cmm\/wp-json\/wp\/v2\/media?parent=87"}],"curies":[{"name":"wp","href":"https:\/\/api.w.org\/{rel}","templated":true}]}}